{"id":13755,"date":"2018-05-22T13:52:59","date_gmt":"2018-05-22T11:52:59","guid":{"rendered":"http:\/\/bicfactory.se\/?page_id=13755"},"modified":"2023-01-09T10:18:31","modified_gmt":"2023-01-09T08:18:31","slug":"cookies","status":"publish","type":"page","link":"https:\/\/bicfactory.se\/en\/cookies\/","title":{"rendered":"Cookies"},"content":{"rendered":"<div data-elementor-type=\"wp-page\" data-elementor-id=\"13755\" class=\"elementor elementor-13755\" data-elementor-post-type=\"page\">\n\t\t\t\t\t\t<section class=\"elementor-section elementor-top-section elementor-element elementor-element-3882417c elementor-section-boxed elementor-section-height-default elementor-section-height-default\" data-id=\"3882417c\" data-element_type=\"section\" data-e-type=\"section\">\n\t\t\t\t\t\t<div class=\"elementor-container elementor-column-gap-no\">\n\t\t\t\t\t<div class=\"elementor-column elementor-col-66 elementor-top-column elementor-element elementor-element-9e71f3e\" data-id=\"9e71f3e\" data-element_type=\"column\" data-e-type=\"column\">\n\t\t\t<div class=\"elementor-widget-wrap elementor-element-populated\">\n\t\t\t\t\t\t<div class=\"elementor-element elementor-element-298de074 elementor-widget elementor-widget-text-editor\" data-id=\"298de074\" data-element_type=\"widget\" data-e-type=\"widget\" data-widget_type=\"text-editor.default\">\n\t\t\t\t<div class=\"elementor-widget-container\">\n\t\t\t\t\t\t\t\t\t<p>P\u00e5 Ume\u00e5 Kommunf\u00f6retag Aktiebolags (556051-9562) (h\u00e4danefter \u201dUme\u00e5 Kommunf\u00f6retag\u201d, \u201cvi\u201d, \u201coss\u201d, \u201dv\u00e5ra\u201d) hemsidor ukf.umea.se och bicfactory.se (h\u00e4danefter (v\u00e5ra) \u201dwebbplatser\u201d) anv\u00e4nder vi cookies. Informationen nedan f\u00f6rklarar hur Ume\u00e5 Kommunf\u00f6retag anv\u00e4nder cookies f\u00f6r att underl\u00e4tta f\u00f6r dig som bes\u00f6kare p\u00e5 v\u00e5ra webbplatser.<\/p><h2>Vad \u00e4r cookies?<\/h2><p>Cookies \u00e4r sm\u00e5 textfiler som en webbplats beg\u00e4r att f\u00e5 spara p\u00e5 bes\u00f6karens dator, surfplatta eller mobiltelefon. P\u00e5 m\u00e5nga webbplatser anv\u00e4nds cookies f\u00f6r att ge bes\u00f6karna tillg\u00e5ng till olika funktioner. Cookies anv\u00e4nds ibland \u00e4ven f\u00f6r att samla in information om bes\u00f6karen i syfte f\u00f6r annonsering och skr\u00e4ddarsytt inneh\u00e5ll samt f\u00f6r webbstatistik.<\/p><h2>Information som samlas in och varf\u00f6r<\/h2><p>N\u00e4r du bes\u00f6ker v\u00e5ra webbplatser beh\u00f6ver v\u00e5r webbserver ansluta till och d\u00e4rmed behandla din IP-adress p\u00e5 den enhet du anv\u00e4nder, vilket \u00e4r en f\u00f6ruts\u00e4ttning f\u00f6r att n\u00e4tverkskommunikationen ska kunna fungera. Det \u00e4r endast din IP-adress som behandlas p\u00e5 detta s\u00e4tt. Ut\u00f6ver IP-adress behandlar vi inte andra uppgifter som \u00e4r h\u00e4nf\u00f6rliga till dig som person. Vi anv\u00e4nder varken annonserings- eller statistikcookies. De cookies vi anv\u00e4nder s\u00e4tts endast i syfte att f\u00e5 v\u00e5ra webbplatser att fungera och f\u00f6r att tillgodose de val av inst\u00e4llningar du som bes\u00f6kare g\u00f6r p\u00e5 v\u00e5ra webbplatser.<\/p><h2>R\u00e4ttslig grund f\u00f6r anv\u00e4ndning av cookies<\/h2><p>Eftersom webbplatserna inte fungerar korrekt utan strikt n\u00f6dv\u00e4ndiga cookies \u00e4r den h\u00e4r kategorin cookies alltid till\u00e5tna n\u00e4r du bes\u00f6ker webbplatserna. Den r\u00e4ttsliga grunden f\u00f6r att anv\u00e4nda strikt n\u00f6dv\u00e4ndiga cookies \u00e4r v\u00e5rt ber\u00e4ttigade intresse av att f\u00f6rse dig med fungerande webbplatser.<\/p><p>Vi anv\u00e4nder varken statistik-, marknadsf\u00f6rings- eller andra s\u00e5 kallade tredjepartscookies p\u00e5 v\u00e5ra webbplatser. N\u00e4r du kommer in p\u00e5 webbplatserna f\u00f6rsta g\u00e5ngen kommer du att se en banner med information om v\u00e5r anv\u00e4ndning av cookies och du kan enkelt klicka dig vidare till mer information (denna cookiepolicy) om anv\u00e4ndningen.<\/p><h2>Typer av cookies som anv\u00e4nds p\u00e5 webbplatserna<\/h2><p>I huvudsak anv\u00e4nds tv\u00e5 typer av cookies, \u201dsession-cookies\u201d och \u201dpermanenta cookies\u201d. Session-cookies raderas automatiskt s\u00e5 snart du som anv\u00e4ndare st\u00e4nger ner din webbl\u00e4sare. Permanenta cookies lagras p\u00e5 din enhet f\u00f6r att underl\u00e4tta framtida bes\u00f6k. D\u00e4remot tas \u00e4ven permanenta cookies bort efter en viss tid.<\/p><p>Alla cookies har en utgivare, som visar vem cookien tillh\u00f6r. Utgivaren \u00e4r \u00e4garen av den dom\u00e4n som anges i cookien. N\u00e4r du bes\u00f6ker v\u00e5ra webbplatser placerar vi cookies p\u00e5 din enhet. S\u00e5dana cookies kallas f\u00f6rstapartscookies. P\u00e5 Ume\u00e5 Kommunf\u00f6retags webbplatser anv\u00e4nds enbart f\u00f6rstapartscookies. Cookies som placeras ut av ett tredjepartsf\u00f6retag, till exempel sociala medieplattformar eller leverant\u00f6rer av annonsn\u00e4tverk eller annonsteknik, kallas tredjepartscookies. F\u00f6r att skydda dig och dina personuppgifter har vi valt att inte anv\u00e4nda tredjepartscookies p\u00e5 v\u00e5ra hemsidor.<\/p><p>Nedan finner du en lista p\u00e5 de cookies vi p\u00e5 Ume\u00e5 Kommunf\u00f6retag nyttjar p\u00e5 v\u00e5ra webbplatser samt ytterligare information om dessa.<\/p><h2>Cookie-deklaration<\/h2><p><table class=\"cookielawinfo-row-cat-table cookielawinfo-classic\"><thead><tr><th class=\"cookielawinfo-column-1\">Cookie<\/th><th class=\"cookielawinfo-column-3\">Duration<\/th><th class=\"cookielawinfo-column-4\">Description<\/th><\/tr><\/thead><tbody><tr class=\"cookielawinfo-row\"><td class=\"cookielawinfo-column-1\">CookieLaw InfoConsent<\/td><td class=\"cookielawinfo-column-3\">12 months<\/td><td class=\"cookielawinfo-column-4\">Persistent cookie, functionality for cookie box.<\/td><\/tr><tr class=\"cookielawinfo-row\"><td class=\"cookielawinfo-column-1\">cookielawinfo-checkbox-necessary<\/td><td class=\"cookielawinfo-column-3\">12 months<\/td><td class=\"cookielawinfo-column-4\">Persistent cookie, used to save the user&#039;s consent.<\/td><\/tr><tr class=\"cookielawinfo-row\"><td class=\"cookielawinfo-column-1\">elementor<\/td><td class=\"cookielawinfo-column-3\">Until the browser closes<\/td><td class=\"cookielawinfo-column-4\">Session cookie, basic functionality for the appearance of the website.<\/td><\/tr><tr class=\"cookielawinfo-row\"><td class=\"cookielawinfo-column-1\">pojo-a11y<\/td><td class=\"cookielawinfo-column-3\">24 hours<\/td><td class=\"cookielawinfo-column-4\">Sessionscookie, sparar valda inst\u00e4llningar i &#8221;Verktyg f\u00f6r tillg\u00e4nglighet&#8221;.<\/td><\/tr><tr class=\"cookielawinfo-row\"><td class=\"cookielawinfo-column-1\">viewed_cookie _policy<\/td><td class=\"cookielawinfo-column-3\">12 months<\/td><td class=\"cookielawinfo-column-4\">Persistent cookie, used to show and hide cookie box.<\/td><\/tr><\/tbody><\/table><\/p><h2>Hur du tar bort cookies<\/h2><p>Om du inte accepterar anv\u00e4ndning av cookies kan din webbl\u00e4sare st\u00e4llas in s\u00e5 att den automatiskt nekar lagring av cookies eller informerar dig varje g\u00e5ng en webbplats beg\u00e4r att f\u00e5 lagra en cookie. Genom webbl\u00e4saren kan ocks\u00e5 tidigare lagrade cookies raderas.<\/p><p>Om din webbl\u00e4sare nekar cookies kan det medf\u00f6ra att personlig anpassning (verktyg f\u00f6r tillg\u00e4nglighet s\u00e5som text till tal-funktionen samt inst\u00e4llningar s\u00e5som h\u00f6g eller negativ kontrast) p\u00e5 webbplatserna begr\u00e4nsas eller inte finns kvar n\u00e4sta g\u00e5ng du bes\u00f6ker webbplatserna.<\/p><p>Du kan st\u00e4nga av anv\u00e4ndandet av cookies under fliken inst\u00e4llningar i din webbl\u00e4sare (se webbl\u00e4sarnas hj\u00e4lp- och supportsidor f\u00f6r mer information). I webbl\u00e4saren kan du ocks\u00e5 radera tidigare lagrade cookies fr\u00e5n webbplatser du bes\u00f6kt.<\/p><p>F\u00f6r mer information om cookies och vad du kan g\u00f6ra f\u00f6r att skydda dina personuppgifter p\u00e5 internet, se f\u00f6ljande l\u00e4nk: <a href=\"https:\/\/www.youronlinechoices.eu\/\" target=\"_blank\" rel=\"noopener\">https:\/\/www.youronlinechoices.eu\/<\/a><\/p><h2>Mer information och dina r\u00e4ttigheter<\/h2><p>Du hittar mer information om behandlingen av dina personuppgifter och hur du ut\u00f6var dina r\u00e4ttigheter i v\u00e5r <a href=\"https:\/\/bicfactory.se\/en\/integritetspolicy\/\">integritetspolicy<\/a>.<\/p><p>Post- och telestyrelsen, som \u00e4r tillsynsmyndighet p\u00e5 omr\u00e5det, l\u00e4mnar ytterligare information om cookies p\u00e5 sin webbplats,\u00a0<a href=\"https:\/\/www.pts.se\/\" target=\"_blank\" rel=\"noopener\">www.pts.se<\/a>.<\/p>\t\t\t\t\t\t\t\t<\/div>\n\t\t\t\t<\/div>\n\t\t\t\t\t<\/div>\n\t\t<\/div>\n\t\t\t\t<div class=\"elementor-column elementor-col-33 elementor-top-column elementor-element elementor-element-a0211a2\" data-id=\"a0211a2\" data-element_type=\"column\" data-e-type=\"column\">\n\t\t\t<div class=\"elementor-widget-wrap\">\n\t\t\t\t\t\t\t<\/div>\n\t\t<\/div>\n\t\t\t\t\t<\/div>\n\t\t<\/section>\n\t\t\t\t<\/div>","protected":false},"excerpt":{"rendered":"<p>P\u00e5 Ume\u00e5 Kommunf\u00f6retag Aktiebolags (556051-9562) (h\u00e4danefter \u201dUme\u00e5 Kommunf\u00f6retag\u201d, \u201cvi\u201d, \u201coss\u201d, \u201dv\u00e5ra\u201d) hemsidor ukf.umea.se och bicfactory.se (h\u00e4danefter (v\u00e5ra) \u201dwebbplatser\u201d) anv\u00e4nder vi cookies. Informationen nedan f\u00f6rklarar hur Ume\u00e5 Kommunf\u00f6retag anv\u00e4nder cookies f\u00f6r [&hellip;]<\/p>\n","protected":false},"author":4,"featured_media":0,"parent":0,"menu_order":14,"comment_status":"closed","ping_status":"closed","template":"","meta":{"_acf_changed":false,"inline_featured_image":false,"_price":"","_stock":"","_tribe_ticket_header":"","_tribe_default_ticket_provider":"","_tribe_ticket_capacity":"0","_ticket_start_date":"","_ticket_end_date":"","_tribe_ticket_show_description":"","_tribe_ticket_show_not_going":false,"_tribe_ticket_use_global_stock":"","_tribe_ticket_global_stock_level":"","_global_stock_mode":"","_global_stock_cap":"","_tribe_rsvp_for_event":"","_tribe_ticket_going_count":"","_tribe_ticket_not_going_count":"","_tribe_tickets_list":"[]","_tribe_ticket_has_attendee_info_fields":false,"footnotes":"","_tec_slr_enabled":"","_tec_slr_layout":""},"class_list":["post-13755","page","type-page","status-publish","hentry"],"acf":[],"yoast_head":"<!-- This site is optimized with the Yoast SEO plugin v27.4 - https:\/\/yoast.com\/product\/yoast-seo-wordpress\/ -->\n<title>BIC Factory - Information om hur vi anv\u00e4nder cookies<\/title>\n<meta name=\"description\" content=\"BIC Factory anv\u00e4nder cookies f\u00f6r att f\u00e5 en b\u00e4ttre webbstatistik - f\u00f6r att m\u00e4ta antalet unika bes\u00f6k p\u00e5 webbplatsen och antal g\u00e5nger som enskilda sidor bes\u00f6ks. Vi lagrar ingen information som kan identifiera dig som person, dessa cookies anv\u00e4nds enbart f\u00f6r att kunna k\u00e4nna igen vad som g\u00f6rs p\u00e5 denna webbplats.\" \/>\n<meta name=\"robots\" content=\"index, follow, max-snippet:-1, max-image-preview:large, max-video-preview:-1\" \/>\n<link rel=\"canonical\" href=\"https:\/\/bicfactory.se\/en\/cookies\/\" \/>\n<meta property=\"og:locale\" content=\"en_US\" \/>\n<meta property=\"og:type\" content=\"article\" \/>\n<meta property=\"og:title\" content=\"BIC Factory - Information om hur vi anv\u00e4nder cookies\" \/>\n<meta property=\"og:description\" content=\"BIC Factory anv\u00e4nder cookies f\u00f6r att f\u00e5 en b\u00e4ttre webbstatistik - f\u00f6r att m\u00e4ta antalet unika bes\u00f6k p\u00e5 webbplatsen och antal g\u00e5nger som enskilda sidor bes\u00f6ks. Vi lagrar ingen information som kan identifiera dig som person, dessa cookies anv\u00e4nds enbart f\u00f6r att kunna k\u00e4nna igen vad som g\u00f6rs p\u00e5 denna webbplats.\" \/>\n<meta property=\"og:url\" content=\"https:\/\/bicfactory.se\/en\/cookies\/\" \/>\n<meta property=\"og:site_name\" content=\"BIC Factory\" \/>\n<meta property=\"article:publisher\" content=\"https:\/\/sv-se.facebook.com\/bicfactory\" \/>\n<meta property=\"article:modified_time\" content=\"2023-01-09T08:18:31+00:00\" \/>\n<meta property=\"og:image\" content=\"https:\/\/bicfactory.se\/wp-content\/uploads\/2021\/04\/bic-kontor-curanord-scaled.jpg\" \/>\n\t<meta property=\"og:image:width\" content=\"2560\" \/>\n\t<meta property=\"og:image:height\" content=\"1706\" \/>\n\t<meta property=\"og:image:type\" content=\"image\/jpeg\" \/>\n<meta name=\"twitter:card\" content=\"summary_large_image\" \/>\n<meta name=\"twitter:label1\" content=\"Est. reading time\" \/>\n\t<meta name=\"twitter:data1\" content=\"4 minutes\" \/>\n<script type=\"application\/ld+json\" class=\"yoast-schema-graph\">{\"@context\":\"https:\\\/\\\/schema.org\",\"@graph\":[{\"@type\":\"WebPage\",\"@id\":\"https:\\\/\\\/bicfactory.se\\\/cookies\\\/\",\"url\":\"https:\\\/\\\/bicfactory.se\\\/cookies\\\/\",\"name\":\"BIC Factory - Information om hur vi anv\u00e4nder cookies\",\"isPartOf\":{\"@id\":\"https:\\\/\\\/bicfactory.se\\\/en\\\/#website\"},\"datePublished\":\"2018-05-22T11:52:59+00:00\",\"dateModified\":\"2023-01-09T08:18:31+00:00\",\"description\":\"BIC Factory anv\u00e4nder cookies f\u00f6r att f\u00e5 en b\u00e4ttre webbstatistik - f\u00f6r att m\u00e4ta antalet unika bes\u00f6k p\u00e5 webbplatsen och antal g\u00e5nger som enskilda sidor bes\u00f6ks. Vi lagrar ingen information som kan identifiera dig som person, dessa cookies anv\u00e4nds enbart f\u00f6r att kunna k\u00e4nna igen vad som g\u00f6rs p\u00e5 denna webbplats.\",\"breadcrumb\":{\"@id\":\"https:\\\/\\\/bicfactory.se\\\/cookies\\\/#breadcrumb\"},\"inLanguage\":\"en-US\",\"potentialAction\":[{\"@type\":\"ReadAction\",\"target\":[\"https:\\\/\\\/bicfactory.se\\\/cookies\\\/\"]}]},{\"@type\":\"BreadcrumbList\",\"@id\":\"https:\\\/\\\/bicfactory.se\\\/cookies\\\/#breadcrumb\",\"itemListElement\":[{\"@type\":\"ListItem\",\"position\":1,\"name\":\"Hem\",\"item\":\"https:\\\/\\\/bicfactory.se\\\/\"},{\"@type\":\"ListItem\",\"position\":2,\"name\":\"Cookies\"}]},{\"@type\":\"WebSite\",\"@id\":\"https:\\\/\\\/bicfactory.se\\\/en\\\/#website\",\"url\":\"https:\\\/\\\/bicfactory.se\\\/en\\\/\",\"name\":\"BIC Factory\",\"description\":\"F\u00f6retagsinkubator med stj\u00e4rnstatus\",\"publisher\":{\"@id\":\"https:\\\/\\\/bicfactory.se\\\/en\\\/#organization\"},\"potentialAction\":[{\"@type\":\"SearchAction\",\"target\":{\"@type\":\"EntryPoint\",\"urlTemplate\":\"https:\\\/\\\/bicfactory.se\\\/en\\\/?s={search_term_string}\"},\"query-input\":{\"@type\":\"PropertyValueSpecification\",\"valueRequired\":true,\"valueName\":\"search_term_string\"}}],\"inLanguage\":\"en-US\"},{\"@type\":\"Organization\",\"@id\":\"https:\\\/\\\/bicfactory.se\\\/en\\\/#organization\",\"name\":\"BIC Factory\",\"url\":\"https:\\\/\\\/bicfactory.se\\\/en\\\/\",\"logo\":{\"@type\":\"ImageObject\",\"inLanguage\":\"en-US\",\"@id\":\"https:\\\/\\\/bicfactory.se\\\/en\\\/#\\\/schema\\\/logo\\\/image\\\/\",\"url\":\"https:\\\/\\\/bicfactory.se\\\/wp-content\\\/uploads\\\/2021\\\/03\\\/biclogo_full.png\",\"contentUrl\":\"https:\\\/\\\/bicfactory.se\\\/wp-content\\\/uploads\\\/2021\\\/03\\\/biclogo_full.png\",\"width\":1943,\"height\":341,\"caption\":\"BIC Factory\"},\"image\":{\"@id\":\"https:\\\/\\\/bicfactory.se\\\/en\\\/#\\\/schema\\\/logo\\\/image\\\/\"},\"sameAs\":[\"https:\\\/\\\/sv-se.facebook.com\\\/bicfactory\",\"https:\\\/\\\/www.instagram.com\\\/bicfactory_official\\\/\",\"https:\\\/\\\/www.linkedin.com\\\/company\\\/bic-factory\"]}]}<\/script>\n<!-- \/ Yoast SEO plugin. -->","yoast_head_json":{"title":"BIC Factory - Information om hur vi anv\u00e4nder cookies","description":"BIC Factory anv\u00e4nder cookies f\u00f6r att f\u00e5 en b\u00e4ttre webbstatistik - f\u00f6r att m\u00e4ta antalet unika bes\u00f6k p\u00e5 webbplatsen och antal g\u00e5nger som enskilda sidor bes\u00f6ks. Vi lagrar ingen information som kan identifiera dig som person, dessa cookies anv\u00e4nds enbart f\u00f6r att kunna k\u00e4nna igen vad som g\u00f6rs p\u00e5 denna webbplats.","robots":{"index":"index","follow":"follow","max-snippet":"max-snippet:-1","max-image-preview":"max-image-preview:large","max-video-preview":"max-video-preview:-1"},"canonical":"https:\/\/bicfactory.se\/en\/cookies\/","og_locale":"en_US","og_type":"article","og_title":"BIC Factory - Information om hur vi anv\u00e4nder cookies","og_description":"BIC Factory anv\u00e4nder cookies f\u00f6r att f\u00e5 en b\u00e4ttre webbstatistik - f\u00f6r att m\u00e4ta antalet unika bes\u00f6k p\u00e5 webbplatsen och antal g\u00e5nger som enskilda sidor bes\u00f6ks. Vi lagrar ingen information som kan identifiera dig som person, dessa cookies anv\u00e4nds enbart f\u00f6r att kunna k\u00e4nna igen vad som g\u00f6rs p\u00e5 denna webbplats.","og_url":"https:\/\/bicfactory.se\/en\/cookies\/","og_site_name":"BIC Factory","article_publisher":"https:\/\/sv-se.facebook.com\/bicfactory","article_modified_time":"2023-01-09T08:18:31+00:00","og_image":[{"width":2560,"height":1706,"url":"https:\/\/bicfactory.se\/wp-content\/uploads\/2021\/04\/bic-kontor-curanord-scaled.jpg","type":"image\/jpeg"}],"twitter_card":"summary_large_image","twitter_misc":{"Est. reading time":"4 minutes"},"schema":{"@context":"https:\/\/schema.org","@graph":[{"@type":"WebPage","@id":"https:\/\/bicfactory.se\/cookies\/","url":"https:\/\/bicfactory.se\/cookies\/","name":"BIC Factory - Information om hur vi anv\u00e4nder cookies","isPartOf":{"@id":"https:\/\/bicfactory.se\/en\/#website"},"datePublished":"2018-05-22T11:52:59+00:00","dateModified":"2023-01-09T08:18:31+00:00","description":"BIC Factory anv\u00e4nder cookies f\u00f6r att f\u00e5 en b\u00e4ttre webbstatistik - f\u00f6r att m\u00e4ta antalet unika bes\u00f6k p\u00e5 webbplatsen och antal g\u00e5nger som enskilda sidor bes\u00f6ks. Vi lagrar ingen information som kan identifiera dig som person, dessa cookies anv\u00e4nds enbart f\u00f6r att kunna k\u00e4nna igen vad som g\u00f6rs p\u00e5 denna webbplats.","breadcrumb":{"@id":"https:\/\/bicfactory.se\/cookies\/#breadcrumb"},"inLanguage":"en-US","potentialAction":[{"@type":"ReadAction","target":["https:\/\/bicfactory.se\/cookies\/"]}]},{"@type":"BreadcrumbList","@id":"https:\/\/bicfactory.se\/cookies\/#breadcrumb","itemListElement":[{"@type":"ListItem","position":1,"name":"Hem","item":"https:\/\/bicfactory.se\/"},{"@type":"ListItem","position":2,"name":"Cookies"}]},{"@type":"WebSite","@id":"https:\/\/bicfactory.se\/en\/#website","url":"https:\/\/bicfactory.se\/en\/","name":"BIC Factory","description":"Business incubator with star status","publisher":{"@id":"https:\/\/bicfactory.se\/en\/#organization"},"potentialAction":[{"@type":"SearchAction","target":{"@type":"EntryPoint","urlTemplate":"https:\/\/bicfactory.se\/en\/?s={search_term_string}"},"query-input":{"@type":"PropertyValueSpecification","valueRequired":true,"valueName":"search_term_string"}}],"inLanguage":"en-US"},{"@type":"Organization","@id":"https:\/\/bicfactory.se\/en\/#organization","name":"BIC Factory","url":"https:\/\/bicfactory.se\/en\/","logo":{"@type":"ImageObject","inLanguage":"en-US","@id":"https:\/\/bicfactory.se\/en\/#\/schema\/logo\/image\/","url":"https:\/\/bicfactory.se\/wp-content\/uploads\/2021\/03\/biclogo_full.png","contentUrl":"https:\/\/bicfactory.se\/wp-content\/uploads\/2021\/03\/biclogo_full.png","width":1943,"height":341,"caption":"BIC Factory"},"image":{"@id":"https:\/\/bicfactory.se\/en\/#\/schema\/logo\/image\/"},"sameAs":["https:\/\/sv-se.facebook.com\/bicfactory","https:\/\/www.instagram.com\/bicfactory_official\/","https:\/\/www.linkedin.com\/company\/bic-factory"]}]}},"ticketed":false,"_links":{"self":[{"href":"https:\/\/bicfactory.se\/en\/wp-json\/wp\/v2\/pages\/13755","targetHints":{"allow":["GET"]}}],"collection":[{"href":"https:\/\/bicfactory.se\/en\/wp-json\/wp\/v2\/pages"}],"about":[{"href":"https:\/\/bicfactory.se\/en\/wp-json\/wp\/v2\/types\/page"}],"author":[{"embeddable":true,"href":"https:\/\/bicfactory.se\/en\/wp-json\/wp\/v2\/users\/4"}],"replies":[{"embeddable":true,"href":"https:\/\/bicfactory.se\/en\/wp-json\/wp\/v2\/comments?post=13755"}],"version-history":[{"count":58,"href":"https:\/\/bicfactory.se\/en\/wp-json\/wp\/v2\/pages\/13755\/revisions"}],"predecessor-version":[{"id":18111,"href":"https:\/\/bicfactory.se\/en\/wp-json\/wp\/v2\/pages\/13755\/revisions\/18111"}],"wp:attachment":[{"href":"https:\/\/bicfactory.se\/en\/wp-json\/wp\/v2\/media?parent=13755"}],"curies":[{"name":"wp","href":"https:\/\/api.w.org\/{rel}","templated":true}]}}