{"id":14563,"date":"2020-11-25T13:09:15","date_gmt":"2020-11-25T11:09:15","guid":{"rendered":"http:\/\/bicfactory.se\/?page_id=14563"},"modified":"2021-09-02T09:36:27","modified_gmt":"2021-09-02T07:36:27","slug":"tillganglighet","status":"publish","type":"page","link":"https:\/\/bicfactory.se\/en\/tillganglighet\/","title":{"rendered":"Availability"},"content":{"rendered":"<div data-elementor-type=\"wp-page\" data-elementor-id=\"14563\" class=\"elementor elementor-14563\" data-elementor-post-type=\"page\">\n\t\t\t\t\t\t<section class=\"elementor-section elementor-top-section elementor-element elementor-element-15de3fb4 elementor-section-boxed elementor-section-height-default elementor-section-height-default\" data-id=\"15de3fb4\" data-element_type=\"section\" data-e-type=\"section\">\n\t\t\t\t\t\t<div class=\"elementor-container elementor-column-gap-no\">\n\t\t\t\t\t<div class=\"elementor-column elementor-col-100 elementor-top-column elementor-element elementor-element-5901e69e\" data-id=\"5901e69e\" data-element_type=\"column\" data-e-type=\"column\">\n\t\t\t<div class=\"elementor-widget-wrap elementor-element-populated\">\n\t\t\t\t\t\t<div class=\"elementor-element elementor-element-6ecc38de elementor-widget elementor-widget-text-editor\" data-id=\"6ecc38de\" data-element_type=\"widget\" data-e-type=\"widget\" data-widget_type=\"text-editor.default\">\n\t\t\t\t<div class=\"elementor-widget-container\">\n\t\t\t\t\t\t\t\t\t<p>BIC Factory st\u00e5r bakom den h\u00e4r webbplatsen. Vi vill att s\u00e5 m\u00e5nga som m\u00f6jligt ska kunna anv\u00e4nda webbplatsen. H\u00e4r beskrivs hur BIC Factory uppfyller lagen om tillg\u00e4nglighet till digital offentlig service, eventuella k\u00e4nda tillg\u00e4nglighetsproblem och hur du kan rapportera brister till oss s\u00e5 att vi kan \u00e5tg\u00e4rda dem.<\/p><h4>Text to speech<\/h4><p>All text som \u00e4r tillg\u00e4nglig p\u00e5 hemsidan g\u00e5r att markera och spela upp. Detta st\u00f6d fungera p\u00e5 datorer, surfplattor och smartphones.\u00a0Observera att ljudet p\u00e5 din enhet m\u00e5ste vara p\u00e5slaget, vissa smartphones spelar inte upp ljud fr\u00e5n webbl\u00e4saren om telefonen \u00e4r satt i st\u00f6r ej-l\u00e4ge.<\/p><p><img fetchpriority=\"high\" decoding=\"async\" class=\"aligncenter wp-image-17500 size-medium\" src=\"https:\/\/bicfactory.se\/wp-content\/uploads\/2021\/08\/IMG_6870-e1630421089224-300x175.jpg\" alt=\"\" width=\"300\" height=\"175\" srcset=\"https:\/\/bicfactory.se\/wp-content\/uploads\/2021\/08\/IMG_6870-e1630421089224-300x175.jpg 300w, https:\/\/bicfactory.se\/wp-content\/uploads\/2021\/08\/IMG_6870-e1630421089224-1024x596.jpg 1024w, https:\/\/bicfactory.se\/wp-content\/uploads\/2021\/08\/IMG_6870-e1630421089224-768x447.jpg 768w, https:\/\/bicfactory.se\/wp-content\/uploads\/2021\/08\/IMG_6870-e1630421089224-18x10.jpg 18w, https:\/\/bicfactory.se\/wp-content\/uploads\/2021\/08\/IMG_6870-e1630421089224.jpg 1124w\" sizes=\"(max-width: 300px) 100vw, 300px\" \/><\/p><div><div><h4>What can you do if you can not use parts of the site?<\/h4><p>If you need content from www.bicfactory.se that is not available to you, but which is exempt from the scope of the law as described below, you can let us know.<\/p><p>The response time is normally one day.<\/p><p>You contact us as follows:<\/p><ul><li>Send e-mail by <a href=\"mailto:hej@bicfactory.se\" target=\"_blank\" rel=\"noopener noreferrer\">click here<\/a><\/li><li>Ring 090-16 68 20<\/li><\/ul><div><h4>Report deficiencies in website accessibility<\/h4><\/div><\/div><\/div><p>We are constantly striving to improve the accessibility of the website. If you discover problems that are not described on this page, or if you believe that we do not meet the requirements of the law, contact us to let us know that the problem exists.<\/p><div><h4>Supervision<\/h4><p>The authority for digital administration is responsible for supervising the law on accessibility to digital public services. If you are not satisfied with how we handle your views, you can contact the Digital Administration Authority and report it.<\/p><div><h4>Technical information about the accessibility of the website<\/h4><p>V\u00e5r ambition med utvecklingen av denna webbplats, som lanserades i b\u00f6rjan av 2021, \u00e4r att den ska vara f\u00f6renlig med lagen om tillg\u00e4nglighet till digital offentlig service.<\/p><p>Vad g\u00e4ller inneh\u00e5ll som inte \u00e4r helt tillg\u00e4ngligt \u00e5beropar BIC Factory undantag f\u00f6r osk\u00e4ligt betungande anpassning enligt 12 \u00a7 lagen om tillg\u00e4nglighet till digital offentlig service.<\/p><p>Webbplatsen publicerades den 29 april 2021.<\/p><p>Redog\u00f6relsen uppdaterades senast den 31 augusti 2021.<\/p><\/div><\/div>\t\t\t\t\t\t\t\t<\/div>\n\t\t\t\t<\/div>\n\t\t\t\t\t<\/div>\n\t\t<\/div>\n\t\t\t\t\t<\/div>\n\t\t<\/section>\n\t\t\t\t<\/div>","protected":false},"excerpt":{"rendered":"<p>BIC Factory st\u00e5r bakom den h\u00e4r webbplatsen. Vi vill att s\u00e5 m\u00e5nga som m\u00f6jligt ska kunna anv\u00e4nda webbplatsen. H\u00e4r beskrivs hur BIC Factory uppfyller lagen om tillg\u00e4nglighet till digital offentlig [&hellip;]<\/p>\n","protected":false},"author":4,"featured_media":0,"parent":0,"menu_order":13,"comment_status":"closed","ping_status":"closed","template":"","meta":{"_acf_changed":false,"inline_featured_image":false,"_price":"","_stock":"","_tribe_ticket_header":"","_tribe_default_ticket_provider":"","_tribe_ticket_capacity":"0","_ticket_start_date":"","_ticket_end_date":"","_tribe_ticket_show_description":"","_tribe_ticket_show_not_going":false,"_tribe_ticket_use_global_stock":"","_tribe_ticket_global_stock_level":"","_global_stock_mode":"","_global_stock_cap":"","_tribe_rsvp_for_event":"","_tribe_ticket_going_count":"","_tribe_ticket_not_going_count":"","_tribe_tickets_list":"[]","_tribe_ticket_has_attendee_info_fields":false,"footnotes":"","_tec_slr_enabled":"","_tec_slr_layout":""},"class_list":["post-14563","page","type-page","status-publish","hentry"],"acf":[],"yoast_head":"<!-- This site is optimized with the Yoast SEO plugin v27.6 - https:\/\/yoast.com\/product\/yoast-seo-wordpress\/ -->\n<title>Tillg\u00e4nglighet<\/title>\n<meta name=\"robots\" content=\"index, follow, max-snippet:-1, max-image-preview:large, max-video-preview:-1\" \/>\n<link rel=\"canonical\" href=\"https:\/\/bicfactory.se\/en\/tillganglighet\/\" \/>\n<meta property=\"og:locale\" content=\"en_US\" \/>\n<meta property=\"og:type\" content=\"article\" \/>\n<meta property=\"og:title\" content=\"Tillg\u00e4nglighet\" \/>\n<meta property=\"og:description\" content=\"BIC Factory st\u00e5r bakom den h\u00e4r webbplatsen. Vi vill att s\u00e5 m\u00e5nga som m\u00f6jligt ska kunna anv\u00e4nda webbplatsen. H\u00e4r beskrivs hur BIC Factory uppfyller lagen om tillg\u00e4nglighet till digital offentlig [&hellip;]\" \/>\n<meta property=\"og:url\" content=\"https:\/\/bicfactory.se\/en\/tillganglighet\/\" \/>\n<meta property=\"og:site_name\" content=\"BIC Factory\" \/>\n<meta property=\"article:publisher\" content=\"https:\/\/sv-se.facebook.com\/bicfactory\" \/>\n<meta property=\"article:modified_time\" content=\"2021-09-02T07:36:27+00:00\" \/>\n<meta property=\"og:image\" content=\"https:\/\/bicfactory.se\/wp-content\/uploads\/2021\/08\/IMG_6870-e1630421089224-300x175.jpg\" \/>\n<meta name=\"twitter:card\" content=\"summary_large_image\" \/>\n<meta name=\"twitter:label1\" content=\"Est. reading time\" \/>\n\t<meta name=\"twitter:data1\" content=\"2 minutes\" \/>\n<script type=\"application\/ld+json\" class=\"yoast-schema-graph\">{\"@context\":\"https:\\\/\\\/schema.org\",\"@graph\":[{\"@type\":\"WebPage\",\"@id\":\"https:\\\/\\\/bicfactory.se\\\/tillganglighet\\\/\",\"url\":\"https:\\\/\\\/bicfactory.se\\\/tillganglighet\\\/\",\"name\":\"Tillg\u00e4nglighet\",\"isPartOf\":{\"@id\":\"https:\\\/\\\/bicfactory.se\\\/en\\\/#website\"},\"primaryImageOfPage\":{\"@id\":\"https:\\\/\\\/bicfactory.se\\\/tillganglighet\\\/#primaryimage\"},\"image\":{\"@id\":\"https:\\\/\\\/bicfactory.se\\\/tillganglighet\\\/#primaryimage\"},\"thumbnailUrl\":\"https:\\\/\\\/bicfactory.se\\\/wp-content\\\/uploads\\\/2021\\\/08\\\/IMG_6870-e1630421089224-300x175.jpg\",\"datePublished\":\"2020-11-25T11:09:15+00:00\",\"dateModified\":\"2021-09-02T07:36:27+00:00\",\"breadcrumb\":{\"@id\":\"https:\\\/\\\/bicfactory.se\\\/tillganglighet\\\/#breadcrumb\"},\"inLanguage\":\"en-US\",\"potentialAction\":[{\"@type\":\"ReadAction\",\"target\":[\"https:\\\/\\\/bicfactory.se\\\/tillganglighet\\\/\"]}]},{\"@type\":\"ImageObject\",\"inLanguage\":\"en-US\",\"@id\":\"https:\\\/\\\/bicfactory.se\\\/tillganglighet\\\/#primaryimage\",\"url\":\"https:\\\/\\\/bicfactory.se\\\/wp-content\\\/uploads\\\/2021\\\/08\\\/IMG_6870-e1630421089224-300x175.jpg\",\"contentUrl\":\"https:\\\/\\\/bicfactory.se\\\/wp-content\\\/uploads\\\/2021\\\/08\\\/IMG_6870-e1630421089224-300x175.jpg\"},{\"@type\":\"BreadcrumbList\",\"@id\":\"https:\\\/\\\/bicfactory.se\\\/tillganglighet\\\/#breadcrumb\",\"itemListElement\":[{\"@type\":\"ListItem\",\"position\":1,\"name\":\"Hem\",\"item\":\"https:\\\/\\\/bicfactory.se\\\/\"},{\"@type\":\"ListItem\",\"position\":2,\"name\":\"Tillg\u00e4nglighet\"}]},{\"@type\":\"WebSite\",\"@id\":\"https:\\\/\\\/bicfactory.se\\\/en\\\/#website\",\"url\":\"https:\\\/\\\/bicfactory.se\\\/en\\\/\",\"name\":\"BIC Factory\",\"description\":\"F\u00f6retagsinkubator med stj\u00e4rnstatus\",\"publisher\":{\"@id\":\"https:\\\/\\\/bicfactory.se\\\/en\\\/#organization\"},\"potentialAction\":[{\"@type\":\"SearchAction\",\"target\":{\"@type\":\"EntryPoint\",\"urlTemplate\":\"https:\\\/\\\/bicfactory.se\\\/en\\\/?s={search_term_string}\"},\"query-input\":{\"@type\":\"PropertyValueSpecification\",\"valueRequired\":true,\"valueName\":\"search_term_string\"}}],\"inLanguage\":\"en-US\"},{\"@type\":\"Organization\",\"@id\":\"https:\\\/\\\/bicfactory.se\\\/en\\\/#organization\",\"name\":\"BIC Factory\",\"url\":\"https:\\\/\\\/bicfactory.se\\\/en\\\/\",\"logo\":{\"@type\":\"ImageObject\",\"inLanguage\":\"en-US\",\"@id\":\"https:\\\/\\\/bicfactory.se\\\/en\\\/#\\\/schema\\\/logo\\\/image\\\/\",\"url\":\"https:\\\/\\\/bicfactory.se\\\/wp-content\\\/uploads\\\/2021\\\/03\\\/biclogo_full.png\",\"contentUrl\":\"https:\\\/\\\/bicfactory.se\\\/wp-content\\\/uploads\\\/2021\\\/03\\\/biclogo_full.png\",\"width\":1943,\"height\":341,\"caption\":\"BIC Factory\"},\"image\":{\"@id\":\"https:\\\/\\\/bicfactory.se\\\/en\\\/#\\\/schema\\\/logo\\\/image\\\/\"},\"sameAs\":[\"https:\\\/\\\/sv-se.facebook.com\\\/bicfactory\",\"https:\\\/\\\/www.instagram.com\\\/bicfactory_official\\\/\",\"https:\\\/\\\/www.linkedin.com\\\/company\\\/bic-factory\"]}]}<\/script>\n<!-- \/ Yoast SEO plugin. -->","yoast_head_json":{"title":"Availability","robots":{"index":"index","follow":"follow","max-snippet":"max-snippet:-1","max-image-preview":"max-image-preview:large","max-video-preview":"max-video-preview:-1"},"canonical":"https:\/\/bicfactory.se\/en\/tillganglighet\/","og_locale":"en_US","og_type":"article","og_title":"Tillg\u00e4nglighet","og_description":"BIC Factory st\u00e5r bakom den h\u00e4r webbplatsen. Vi vill att s\u00e5 m\u00e5nga som m\u00f6jligt ska kunna anv\u00e4nda webbplatsen. H\u00e4r beskrivs hur BIC Factory uppfyller lagen om tillg\u00e4nglighet till digital offentlig [&hellip;]","og_url":"https:\/\/bicfactory.se\/en\/tillganglighet\/","og_site_name":"BIC Factory","article_publisher":"https:\/\/sv-se.facebook.com\/bicfactory","article_modified_time":"2021-09-02T07:36:27+00:00","og_image":[{"url":"https:\/\/bicfactory.se\/wp-content\/uploads\/2021\/08\/IMG_6870-e1630421089224-300x175.jpg","type":"","width":"","height":""}],"twitter_card":"summary_large_image","twitter_misc":{"Est. reading time":"2 minutes"},"schema":{"@context":"https:\/\/schema.org","@graph":[{"@type":"WebPage","@id":"https:\/\/bicfactory.se\/tillganglighet\/","url":"https:\/\/bicfactory.se\/tillganglighet\/","name":"Availability","isPartOf":{"@id":"https:\/\/bicfactory.se\/en\/#website"},"primaryImageOfPage":{"@id":"https:\/\/bicfactory.se\/tillganglighet\/#primaryimage"},"image":{"@id":"https:\/\/bicfactory.se\/tillganglighet\/#primaryimage"},"thumbnailUrl":"https:\/\/bicfactory.se\/wp-content\/uploads\/2021\/08\/IMG_6870-e1630421089224-300x175.jpg","datePublished":"2020-11-25T11:09:15+00:00","dateModified":"2021-09-02T07:36:27+00:00","breadcrumb":{"@id":"https:\/\/bicfactory.se\/tillganglighet\/#breadcrumb"},"inLanguage":"en-US","potentialAction":[{"@type":"ReadAction","target":["https:\/\/bicfactory.se\/tillganglighet\/"]}]},{"@type":"ImageObject","inLanguage":"en-US","@id":"https:\/\/bicfactory.se\/tillganglighet\/#primaryimage","url":"https:\/\/bicfactory.se\/wp-content\/uploads\/2021\/08\/IMG_6870-e1630421089224-300x175.jpg","contentUrl":"https:\/\/bicfactory.se\/wp-content\/uploads\/2021\/08\/IMG_6870-e1630421089224-300x175.jpg"},{"@type":"BreadcrumbList","@id":"https:\/\/bicfactory.se\/tillganglighet\/#breadcrumb","itemListElement":[{"@type":"ListItem","position":1,"name":"Hem","item":"https:\/\/bicfactory.se\/"},{"@type":"ListItem","position":2,"name":"Tillg\u00e4nglighet"}]},{"@type":"WebSite","@id":"https:\/\/bicfactory.se\/en\/#website","url":"https:\/\/bicfactory.se\/en\/","name":"BIC Factory","description":"Business incubator with star status","publisher":{"@id":"https:\/\/bicfactory.se\/en\/#organization"},"potentialAction":[{"@type":"SearchAction","target":{"@type":"EntryPoint","urlTemplate":"https:\/\/bicfactory.se\/en\/?s={search_term_string}"},"query-input":{"@type":"PropertyValueSpecification","valueRequired":true,"valueName":"search_term_string"}}],"inLanguage":"en-US"},{"@type":"Organization","@id":"https:\/\/bicfactory.se\/en\/#organization","name":"BIC Factory","url":"https:\/\/bicfactory.se\/en\/","logo":{"@type":"ImageObject","inLanguage":"en-US","@id":"https:\/\/bicfactory.se\/en\/#\/schema\/logo\/image\/","url":"https:\/\/bicfactory.se\/wp-content\/uploads\/2021\/03\/biclogo_full.png","contentUrl":"https:\/\/bicfactory.se\/wp-content\/uploads\/2021\/03\/biclogo_full.png","width":1943,"height":341,"caption":"BIC Factory"},"image":{"@id":"https:\/\/bicfactory.se\/en\/#\/schema\/logo\/image\/"},"sameAs":["https:\/\/sv-se.facebook.com\/bicfactory","https:\/\/www.instagram.com\/bicfactory_official\/","https:\/\/www.linkedin.com\/company\/bic-factory"]}]}},"ticketed":false,"_links":{"self":[{"href":"https:\/\/bicfactory.se\/en\/wp-json\/wp\/v2\/pages\/14563","targetHints":{"allow":["GET"]}}],"collection":[{"href":"https:\/\/bicfactory.se\/en\/wp-json\/wp\/v2\/pages"}],"about":[{"href":"https:\/\/bicfactory.se\/en\/wp-json\/wp\/v2\/types\/page"}],"author":[{"embeddable":true,"href":"https:\/\/bicfactory.se\/en\/wp-json\/wp\/v2\/users\/4"}],"replies":[{"embeddable":true,"href":"https:\/\/bicfactory.se\/en\/wp-json\/wp\/v2\/comments?post=14563"}],"version-history":[{"count":46,"href":"https:\/\/bicfactory.se\/en\/wp-json\/wp\/v2\/pages\/14563\/revisions"}],"predecessor-version":[{"id":17524,"href":"https:\/\/bicfactory.se\/en\/wp-json\/wp\/v2\/pages\/14563\/revisions\/17524"}],"wp:attachment":[{"href":"https:\/\/bicfactory.se\/en\/wp-json\/wp\/v2\/media?parent=14563"}],"curies":[{"name":"wp","href":"https:\/\/api.w.org\/{rel}","templated":true}]}}