{"id":15829,"date":"2021-04-19T14:33:59","date_gmt":"2021-04-19T12:33:59","guid":{"rendered":"https:\/\/bicfactory.hemsida.eu\/?page_id=15829"},"modified":"2026-01-26T16:52:42","modified_gmt":"2026-01-26T14:52:42","slug":"faq","status":"publish","type":"page","link":"https:\/\/bicfactory.se\/en\/erbjudande\/faq\/","title":{"rendered":"Questions and answers"},"content":{"rendered":"\t\t<div data-elementor-type=\"wp-page\" data-elementor-id=\"15829\" class=\"elementor elementor-15829\" data-elementor-post-type=\"page\">\n\t\t\t\t\t\t<section class=\"elementor-section elementor-top-section elementor-element elementor-element-0d68e5f elementor-section-boxed elementor-section-height-default elementor-section-height-default\" data-id=\"0d68e5f\" data-element_type=\"section\" data-e-type=\"section\">\n\t\t\t\t\t\t<div class=\"elementor-container elementor-column-gap-default\">\n\t\t\t\t\t<div class=\"elementor-column elementor-col-100 elementor-top-column elementor-element elementor-element-613eec6\" data-id=\"613eec6\" data-element_type=\"column\" data-e-type=\"column\">\n\t\t\t<div class=\"elementor-widget-wrap elementor-element-populated\">\n\t\t\t\t\t\t<div class=\"elementor-element elementor-element-f9ff5b2 elementor-widget elementor-widget-heading\" data-id=\"f9ff5b2\" data-element_type=\"widget\" data-e-type=\"widget\" data-widget_type=\"heading.default\">\n\t\t\t\t<div class=\"elementor-widget-container\">\n\t\t\t\t\t<h1 class=\"elementor-heading-title elementor-size-default\">Fr\u00e5gor &amp; svar<\/h1>\t\t\t\t<\/div>\n\t\t\t\t<\/div>\n\t\t\t\t<div class=\"elementor-element elementor-element-1d80f50 elementor-widget elementor-widget-text-editor\" data-id=\"1d80f50\" data-element_type=\"widget\" data-e-type=\"widget\" data-widget_type=\"text-editor.default\">\n\t\t\t\t<div class=\"elementor-widget-container\">\n\t\t\t\t\t\t\t\t\t<p>H\u00e4r har vi samlat fr\u00e5gor och svar om hur det fungerar p\u00e5 BIC Factory och om att starta f\u00f6retag. Tveka inte p\u00e5 att <a href=\"\/kontakt\/\">kontakta oss<\/a> om det \u00e4r n\u00e5got annat du undrar!<\/p>\t\t\t\t\t\t\t\t<\/div>\n\t\t\t\t<\/div>\n\t\t\t\t\t<\/div>\n\t\t<\/div>\n\t\t\t\t\t<\/div>\n\t\t<\/section>\n\t\t\t\t<section class=\"elementor-section elementor-top-section elementor-element elementor-element-3b1cc7c0 elementor-reverse-mobile elementor-section-boxed elementor-section-height-default elementor-section-height-default\" data-id=\"3b1cc7c0\" data-element_type=\"section\" data-e-type=\"section\" data-settings=\"{&quot;background_background&quot;:&quot;classic&quot;}\">\n\t\t\t\t\t\t<div class=\"elementor-container elementor-column-gap-default\">\n\t\t\t\t\t<div class=\"elementor-column elementor-col-66 elementor-top-column elementor-element elementor-element-52721426\" data-id=\"52721426\" data-element_type=\"column\" data-e-type=\"column\">\n\t\t\t<div class=\"elementor-widget-wrap elementor-element-populated\">\n\t\t\t\t\t\t<div class=\"elementor-element elementor-element-4d48e665 elementor-widget elementor-widget-text-editor\" data-id=\"4d48e665\" data-element_type=\"widget\" data-e-type=\"widget\" data-widget_type=\"text-editor.default\">\n\t\t\t\t<div class=\"elementor-widget-container\">\n\t\t\t\t\t\t\t\t\t<h5>Vad kostar det att sitta p\u00e5 BIC?<\/h5><p>En inkubatorplats \u00e4r f\u00f6rdelaktig p\u00e5 m\u00e5nga s\u00e4tt, inklusive avgiften. Det kostar 1 990 kr eller 2 620 kr exkl. moms i m\u00e5naden beroende p\u00e5 om du vill sitta i v\u00e5rt \u00f6ppna kontorslandskap eller ha ett st\u00e4ngt kontor. En flexplats kostar 1 300 kr exkl. moms i m\u00e5naden. F\u00f6r dig som entrepren\u00f6r i V\u00e4sterbottens inland samt Arvidsjaur och Arjeplog erbjuder vi en digital inkubatorplats till reducerat pris p\u00e5 750 kr exkl. moms i m\u00e5naden tack vare v\u00e5r finansiering fr\u00e5n Region V\u00e4sterbotten.<\/p><h5>Vem kan ans\u00f6ka till BIC?<\/h5><p>V\u00e5r m\u00e5lgrupp \u00e4r unga upp till 40 \u00e5r som nyligen startat, eller \u00e4r p\u00e5 g\u00e5ng att starta f\u00f6retag i antingen Ume\u00e5, n\u00e5gon av V\u00e4sterbottens inlandskommuner eller Arvidsjaur och Arjeplog. Vi ser g\u00e4rna att du fyllt 18 \u00e5r och \u00e4r klar med gymnasiestudierna, men du kan sj\u00e4lvklart alltid kontakta oss om du beh\u00f6ver &#8221;bolla din id\u00e9&#8221; och hur du ska ta den vidare.<\/p><h5>Vad ing\u00e5r n\u00e4r jag sitter hos er?<\/h5><p>Du f\u00e5r behovsanpassad aff\u00e4rscoachning, f\u00f6rel\u00e4sningar, tillg\u00e5ng till ett starkt n\u00e4tverk och gemenskap med andra entrepren\u00f6rer. Bor du i Ume\u00e5 f\u00e5r du dessutom tillg\u00e5ng till en fullt m\u00f6blerad kontorsplats f\u00f6r tv\u00e5 personer i v\u00e5r kreativa milj\u00f6 d\u00e4r kaffe, skrivare, internet och st\u00e4dning ing\u00e5r s\u00e5 att du kan fokusera p\u00e5 ditt f\u00f6retagande.<\/p><h5>Vad \u00e4r skillnaden p\u00e5 BIC och ett co-working space?<\/h5><p>Den st\u00f6rsta skillnaden \u00e4r hj\u00e4lpen du f\u00e5r. P\u00e5 BIC f\u00e5r du en massa behovsanpassat aff\u00e4rsst\u00f6d under tv\u00e5 \u00e5rs tid. Du blir antagen till oss f\u00f6r att vi tror p\u00e5 dig och din aff\u00e4rsid\u00e9, d\u00e4rf\u00f6r kan ett co-working space vara ett bra alternativ n\u00e4r du flyger ut fr\u00e5n v\u00e5r inkubator och s\u00f6ker kontorsplats.<\/p><h5>Hur l\u00e4nge kan ett f\u00f6retag sitta hos er?<\/h5><p>Du kan vara hos oss i tv\u00e5 \u00e5r, d\u00e4refter \u00e4r tanken att du ska kunna st\u00e5 p\u00e5 egna ben och vara flygf\u00e4rdig med ditt f\u00f6retag.<\/p><h5>Hur s\u00f6ker jag till BIC?<\/h5><p><a href=\"\/ansok\/\">Svara p\u00e5 fr\u00e5gorna i formul\u00e4ret<\/a> d\u00e4refter tar vi kontakt med dig.<\/p><h5>Kan jag ha ett jobb vid sidan av?<\/h5><p>Ja sj\u00e4lvklart kan du ha extrajobb vid sidan av men vi ser g\u00e4rna att du kan avs\u00e4tta minst 60 % av din tid till att utveckla ditt f\u00f6retag, med m\u00e5let att p\u00e5 sikt trappa ner extrajobbet och satsa heltid p\u00e5 f\u00f6retaget.<\/p><h5>Kan jag f\u00e5 starta eget-bidrag?<\/h5><p>G\u00e5 in p\u00e5 <a href=\"https:\/\/arbetsformedlingen.se\/for-arbetssokande\/extra-stod\/stod-a-o\/starta-eget-stod-till-start-av-naringsverksamhet\" target=\"_blank\" rel=\"noopener\">Arbetsf\u00f6rmedlingens webbplats<\/a> och se om du \u00e4r ber\u00e4ttigad att s\u00f6ka Starta eget-bidrag.<\/p><h5>Vad betyder BIC Factory?<\/h5><p>F\u00f6rkortningen BIC st\u00e5r f\u00f6r Business Innovation Centre, man kan likna oss och namnet med en slags &#8221;f\u00f6retagsfabrik&#8221;.<\/p><h5>Hur startar jag f\u00f6retag?<\/h5><p>P\u00e5\u00a0<a href=\"https:\/\/www.verksamt.se\/starta\" target=\"_blank\" rel=\"noopener\">Verksamts webbplats<\/a>\u00a0finns en massa matnyttig information och tips om hur du kan g\u00e5 tillv\u00e4ga f\u00f6r att starta f\u00f6retag.<\/p><h5>Vilka branscher riktar vi oss till?<\/h5><p>Vi v\u00e4lkomnar f\u00f6retag inom alla branscher.<\/p><h5>V\u00e5gar jag ber\u00e4tta f\u00f6r er om min aff\u00e4rsid\u00e9?<\/h5><p>Absolut, vi har sekretess s\u00e5 du kan k\u00e4nna dig trygg att ber\u00e4tta om din id\u00e9 och dina planer. Samma princip g\u00e4ller n\u00e4r du blir antagen &#8211; alla BIC-entrepren\u00f6rer f\u00e5r skriva p\u00e5 ett sekretessavtal.<\/p><h5>Vad \u00e4r en inkubator?<\/h5><p>En inkubator \u00e4r en milj\u00f6 d\u00e4r nystartade f\u00f6retag f\u00e5r hj\u00e4lp och st\u00f6d att utvecklas och v\u00e4xa. Inkubatorns fr\u00e4msta uppgift \u00e4r att erbjuda aff\u00e4rsst\u00f6d och n\u00e4tverk. I m\u00e5nga fall kombineras aff\u00e4rsutvecklingsst\u00f6det med st\u00f6dtj\u00e4nster s\u00e5som uthyrning av lokalyta.<\/p><h5>Vilka st\u00e5r bakom och hur finansieras BIC?<\/h5><p>BIC Factory \u00e4r en del av Ume\u00e5 Kommunf\u00f6retags verksamhet. Under perioden\u00a0<span style=\"background-color: #ffffff;\">2023\u20132025<\/span><span style=\"background-color: #ffffff;\">\u00a0<\/span><span style=\"background-color: #ffffff;\">driver vi ett projekt som finansieras av\u00a0<\/span><a style=\"background-color: #ffffff; color: #c4007f;\" role=\"link\" href=\"https:\/\/www.ukf.umea.se\/\">Ume\u00e5 Kommunf\u00f6retag<\/a><span style=\"background-color: #ffffff;\">, Europiska Unionen via\u00a0<\/span><a style=\"background-color: #ffffff; color: #c4007f;\" role=\"link\" href=\"https:\/\/tillvaxtverket.se\/tillvaxtverket\/omtillvaxtverket\/eufonder\/regionalfonden.3510.html#:~:text=Genom%20Regionalfonden%20kan%20akt%C3%B6rer%20genomf%C3%B6ra%20projekt%20som%20ber%C3%B6r,etablerade%20l%C3%A4ros%C3%A4ten%2C%20naturresurser%20och%20god%20tillg%C3%A5ng%20till%20energi.\">Europiska regionala utvecklingsfonden<\/a><span style=\"background-color: #ffffff;\">\u00a0och\u00a0<\/span><a style=\"background-color: #ffffff; color: #c4007f;\" role=\"link\" href=\"https:\/\/regionvasterbotten.se\/\">Region V\u00e4sterbotten<\/a><span style=\"background-color: #ffffff;\">.\u00a0<\/span>\u00a0<\/p><p><!-- \/wp:paragraph --><\/p>\t\t\t\t\t\t\t\t<\/div>\n\t\t\t\t<\/div>\n\t\t\t\t\t<\/div>\n\t\t<\/div>\n\t\t\t\t<div class=\"elementor-column elementor-col-33 elementor-top-column elementor-element elementor-element-c5c08b2\" data-id=\"c5c08b2\" data-element_type=\"column\" data-e-type=\"column\">\n\t\t\t<div class=\"elementor-widget-wrap elementor-element-populated\">\n\t\t\t\t\t\t<div class=\"elementor-element elementor-element-a3de7a4 elementor-toc--minimized-on-tablet elementor-widget elementor-widget-table-of-contents\" data-id=\"a3de7a4\" data-element_type=\"widget\" data-e-type=\"widget\" data-settings=\"{&quot;exclude_headings_by_selector&quot;:[],&quot;sticky&quot;:&quot;top&quot;,&quot;sticky_offset&quot;:80,&quot;sticky_parent&quot;:&quot;yes&quot;,&quot;no_headings_message&quot;:&quot;Inga rubriker hittades p\\u00e5 denna sida.&quot;,&quot;headings_by_tags&quot;:[&quot;h2&quot;,&quot;h3&quot;,&quot;h4&quot;,&quot;h5&quot;,&quot;h6&quot;],&quot;marker_view&quot;:&quot;numbers&quot;,&quot;minimize_box&quot;:&quot;yes&quot;,&quot;minimized_on&quot;:&quot;tablet&quot;,&quot;hierarchical_view&quot;:&quot;yes&quot;,&quot;min_height&quot;:{&quot;unit&quot;:&quot;px&quot;,&quot;size&quot;:&quot;&quot;,&quot;sizes&quot;:[]},&quot;min_height_tablet&quot;:{&quot;unit&quot;:&quot;px&quot;,&quot;size&quot;:&quot;&quot;,&quot;sizes&quot;:[]},&quot;min_height_mobile&quot;:{&quot;unit&quot;:&quot;px&quot;,&quot;size&quot;:&quot;&quot;,&quot;sizes&quot;:[]},&quot;sticky_on&quot;:[&quot;desktop&quot;,&quot;tablet&quot;,&quot;mobile&quot;],&quot;sticky_effects_offset&quot;:0,&quot;sticky_anchor_link_offset&quot;:0}\" data-widget_type=\"table-of-contents.default\">\n\t\t\t\t<div class=\"elementor-widget-container\">\n\t\t\t\t\t\t\t\t\t<div class=\"elementor-toc__header\">\n\t\t\t\t\t\t<h4 class=\"elementor-toc__header-title\">\n\t\t\t\tInneh\u00e5llsf\u00f6rteckning\t\t\t<\/h4>\n\t\t\t\t\t\t\t\t\t\t<div class=\"elementor-toc__toggle-button elementor-toc__toggle-button--expand\" role=\"button\" tabindex=\"0\" aria-controls=\"elementor-toc__a3de7a4\" aria-expanded=\"true\" aria-label=\"Open table of contents\"><i aria-hidden=\"true\" class=\"fas fa-chevron-down\"><\/i><\/div>\n\t\t\t\t<div class=\"elementor-toc__toggle-button elementor-toc__toggle-button--collapse\" role=\"button\" tabindex=\"0\" aria-controls=\"elementor-toc__a3de7a4\" aria-expanded=\"true\" aria-label=\"Close table of contents\"><i aria-hidden=\"true\" class=\"fas fa-chevron-up\"><\/i><\/div>\n\t\t\t\t\t<\/div>\n\t\t\t\t<div id=\"elementor-toc__a3de7a4\" class=\"elementor-toc__body\">\n\t\t\t<div class=\"elementor-toc__spinner-container\">\n\t\t\t\t<i class=\"elementor-toc__spinner eicon-animation-spin eicon-loading\" aria-hidden=\"true\"><\/i>\t\t\t<\/div>\n\t\t<\/div>\n\t\t\t\t\t\t<\/div>\n\t\t\t\t<\/div>\n\t\t\t\t\t<\/div>\n\t\t<\/div>\n\t\t\t\t\t<\/div>\n\t\t<\/section>\n\t\t\t\t<section class=\"elementor-section elementor-top-section elementor-element elementor-element-9bad83e elementor-section-boxed elementor-section-height-default elementor-section-height-default\" data-id=\"9bad83e\" data-element_type=\"section\" data-e-type=\"section\">\n\t\t\t\t\t\t<div class=\"elementor-container elementor-column-gap-default\">\n\t\t\t\t\t<div class=\"elementor-column elementor-col-100 elementor-top-column elementor-element elementor-element-e431874\" data-id=\"e431874\" data-element_type=\"column\" data-e-type=\"column\">\n\t\t\t<div class=\"elementor-widget-wrap elementor-element-populated\">\n\t\t\t\t\t\t<section class=\"elementor-section elementor-inner-section elementor-element elementor-element-97721f4 elementor-section-boxed elementor-section-height-default elementor-section-height-default\" data-id=\"97721f4\" data-element_type=\"section\" data-e-type=\"section\">\n\t\t\t\t\t\t<div class=\"elementor-container elementor-column-gap-default\">\n\t\t\t\t\t<div class=\"elementor-column elementor-col-50 elementor-inner-column elementor-element elementor-element-afb1e3d\" data-id=\"afb1e3d\" data-element_type=\"column\" data-e-type=\"column\">\n\t\t\t<div class=\"elementor-widget-wrap\">\n\t\t\t\t\t\t\t<\/div>\n\t\t<\/div>\n\t\t\t\t<div class=\"elementor-column elementor-col-50 elementor-inner-column elementor-element elementor-element-bad4a09\" data-id=\"bad4a09\" data-element_type=\"column\" data-e-type=\"column\">\n\t\t\t<div class=\"elementor-widget-wrap\">\n\t\t\t\t\t\t\t<\/div>\n\t\t<\/div>\n\t\t\t\t\t<\/div>\n\t\t<\/section>\n\t\t\t\t\t<\/div>\n\t\t<\/div>\n\t\t\t\t\t<\/div>\n\t\t<\/section>\n\t\t\t\t<\/div>\n\t\t","protected":false},"excerpt":{"rendered":"<p>Fr\u00e5gor &amp; svar H\u00e4r har vi samlat fr\u00e5gor och svar om hur det fungerar p\u00e5 BIC Factory och om att starta f\u00f6retag. Tveka inte p\u00e5 att kontakta oss om det [&hellip;]<\/p>\n","protected":false},"author":11,"featured_media":0,"parent":14914,"menu_order":6,"comment_status":"closed","ping_status":"closed","template":"","meta":{"_acf_changed":false,"inline_featured_image":false,"_price":"","_stock":"","_tribe_ticket_header":"","_tribe_default_ticket_provider":"","_tribe_ticket_capacity":"0","_ticket_start_date":"","_ticket_end_date":"","_tribe_ticket_show_description":"","_tribe_ticket_show_not_going":false,"_tribe_ticket_use_global_stock":"","_tribe_ticket_global_stock_level":"","_global_stock_mode":"","_global_stock_cap":"","_tribe_rsvp_for_event":"","_tribe_ticket_going_count":"","_tribe_ticket_not_going_count":"","_tribe_tickets_list":"[]","_tribe_ticket_has_attendee_info_fields":false,"footnotes":"","_tec_slr_enabled":"","_tec_slr_layout":""},"class_list":["post-15829","page","type-page","status-publish","hentry"],"acf":[],"yoast_head":"<!-- This site is optimized with the Yoast SEO plugin v27.5 - https:\/\/yoast.com\/product\/yoast-seo-wordpress\/ -->\n<title>Fr\u00e5gor &amp; Svar - BIC Factory<\/title>\n<meta name=\"robots\" content=\"index, follow, max-snippet:-1, max-image-preview:large, max-video-preview:-1\" \/>\n<link rel=\"canonical\" href=\"https:\/\/bicfactory.se\/en\/erbjudande\/faq\/\" \/>\n<meta property=\"og:locale\" content=\"en_US\" \/>\n<meta property=\"og:type\" content=\"article\" \/>\n<meta property=\"og:title\" content=\"Fr\u00e5gor &amp; Svar - BIC Factory\" \/>\n<meta property=\"og:description\" content=\"Fr\u00e5gor &amp; svar H\u00e4r har vi samlat fr\u00e5gor och svar om hur det fungerar p\u00e5 BIC Factory och om att starta f\u00f6retag. Tveka inte p\u00e5 att kontakta oss om det [&hellip;]\" \/>\n<meta property=\"og:url\" content=\"https:\/\/bicfactory.se\/en\/erbjudande\/faq\/\" \/>\n<meta property=\"og:site_name\" content=\"BIC Factory\" \/>\n<meta property=\"article:publisher\" content=\"https:\/\/sv-se.facebook.com\/bicfactory\" \/>\n<meta property=\"article:modified_time\" content=\"2026-01-26T14:52:42+00:00\" \/>\n<meta property=\"og:image\" content=\"https:\/\/bicfactory.se\/wp-content\/uploads\/2021\/04\/bic-kontor-curanord-scaled.jpg\" \/>\n\t<meta property=\"og:image:width\" content=\"2560\" \/>\n\t<meta property=\"og:image:height\" content=\"1706\" \/>\n\t<meta property=\"og:image:type\" content=\"image\/jpeg\" \/>\n<meta name=\"twitter:card\" content=\"summary_large_image\" \/>\n<meta name=\"twitter:label1\" content=\"Est. reading time\" \/>\n\t<meta name=\"twitter:data1\" content=\"4 minutes\" \/>\n<script type=\"application\/ld+json\" class=\"yoast-schema-graph\">{\"@context\":\"https:\\\/\\\/schema.org\",\"@graph\":[{\"@type\":[\"WebPage\",\"QAPage\"],\"@id\":\"https:\\\/\\\/bicfactory.se\\\/erbjudande\\\/faq\\\/\",\"url\":\"https:\\\/\\\/bicfactory.se\\\/erbjudande\\\/faq\\\/\",\"name\":\"Fr\u00e5gor & Svar - BIC Factory\",\"isPartOf\":{\"@id\":\"https:\\\/\\\/bicfactory.se\\\/en\\\/#website\"},\"datePublished\":\"2021-04-19T12:33:59+00:00\",\"dateModified\":\"2026-01-26T14:52:42+00:00\",\"breadcrumb\":{\"@id\":\"https:\\\/\\\/bicfactory.se\\\/erbjudande\\\/faq\\\/#breadcrumb\"},\"inLanguage\":\"en-US\",\"potentialAction\":[{\"@type\":\"ReadAction\",\"target\":[\"https:\\\/\\\/bicfactory.se\\\/erbjudande\\\/faq\\\/\"]}]},{\"@type\":\"BreadcrumbList\",\"@id\":\"https:\\\/\\\/bicfactory.se\\\/erbjudande\\\/faq\\\/#breadcrumb\",\"itemListElement\":[{\"@type\":\"ListItem\",\"position\":1,\"name\":\"Hem\",\"item\":\"https:\\\/\\\/bicfactory.se\\\/\"},{\"@type\":\"ListItem\",\"position\":2,\"name\":\"Erbjudandet\",\"item\":\"https:\\\/\\\/bicfactory.se\\\/erbjudande\\\/\"},{\"@type\":\"ListItem\",\"position\":3,\"name\":\"Fr\u00e5gor &#038; Svar\"}]},{\"@type\":\"WebSite\",\"@id\":\"https:\\\/\\\/bicfactory.se\\\/en\\\/#website\",\"url\":\"https:\\\/\\\/bicfactory.se\\\/en\\\/\",\"name\":\"BIC Factory\",\"description\":\"F\u00f6retagsinkubator med stj\u00e4rnstatus\",\"publisher\":{\"@id\":\"https:\\\/\\\/bicfactory.se\\\/en\\\/#organization\"},\"potentialAction\":[{\"@type\":\"SearchAction\",\"target\":{\"@type\":\"EntryPoint\",\"urlTemplate\":\"https:\\\/\\\/bicfactory.se\\\/en\\\/?s={search_term_string}\"},\"query-input\":{\"@type\":\"PropertyValueSpecification\",\"valueRequired\":true,\"valueName\":\"search_term_string\"}}],\"inLanguage\":\"en-US\"},{\"@type\":\"Organization\",\"@id\":\"https:\\\/\\\/bicfactory.se\\\/en\\\/#organization\",\"name\":\"BIC Factory\",\"url\":\"https:\\\/\\\/bicfactory.se\\\/en\\\/\",\"logo\":{\"@type\":\"ImageObject\",\"inLanguage\":\"en-US\",\"@id\":\"https:\\\/\\\/bicfactory.se\\\/en\\\/#\\\/schema\\\/logo\\\/image\\\/\",\"url\":\"https:\\\/\\\/bicfactory.se\\\/wp-content\\\/uploads\\\/2021\\\/03\\\/biclogo_full.png\",\"contentUrl\":\"https:\\\/\\\/bicfactory.se\\\/wp-content\\\/uploads\\\/2021\\\/03\\\/biclogo_full.png\",\"width\":1943,\"height\":341,\"caption\":\"BIC Factory\"},\"image\":{\"@id\":\"https:\\\/\\\/bicfactory.se\\\/en\\\/#\\\/schema\\\/logo\\\/image\\\/\"},\"sameAs\":[\"https:\\\/\\\/sv-se.facebook.com\\\/bicfactory\",\"https:\\\/\\\/www.instagram.com\\\/bicfactory_official\\\/\",\"https:\\\/\\\/www.linkedin.com\\\/company\\\/bic-factory\"]}]}<\/script>\n<!-- \/ Yoast SEO plugin. -->","yoast_head_json":{"title":"Fr\u00e5gor & Svar - BIC Factory","robots":{"index":"index","follow":"follow","max-snippet":"max-snippet:-1","max-image-preview":"max-image-preview:large","max-video-preview":"max-video-preview:-1"},"canonical":"https:\/\/bicfactory.se\/en\/erbjudande\/faq\/","og_locale":"en_US","og_type":"article","og_title":"Fr\u00e5gor & Svar - BIC Factory","og_description":"Fr\u00e5gor &amp; svar H\u00e4r har vi samlat fr\u00e5gor och svar om hur det fungerar p\u00e5 BIC Factory och om att starta f\u00f6retag. Tveka inte p\u00e5 att kontakta oss om det [&hellip;]","og_url":"https:\/\/bicfactory.se\/en\/erbjudande\/faq\/","og_site_name":"BIC Factory","article_publisher":"https:\/\/sv-se.facebook.com\/bicfactory","article_modified_time":"2026-01-26T14:52:42+00:00","og_image":[{"width":2560,"height":1706,"url":"https:\/\/bicfactory.se\/wp-content\/uploads\/2021\/04\/bic-kontor-curanord-scaled.jpg","type":"image\/jpeg"}],"twitter_card":"summary_large_image","twitter_misc":{"Est. reading time":"4 minutes"},"schema":{"@context":"https:\/\/schema.org","@graph":[{"@type":["WebPage","QAPage"],"@id":"https:\/\/bicfactory.se\/erbjudande\/faq\/","url":"https:\/\/bicfactory.se\/erbjudande\/faq\/","name":"Fr\u00e5gor & Svar - BIC Factory","isPartOf":{"@id":"https:\/\/bicfactory.se\/en\/#website"},"datePublished":"2021-04-19T12:33:59+00:00","dateModified":"2026-01-26T14:52:42+00:00","breadcrumb":{"@id":"https:\/\/bicfactory.se\/erbjudande\/faq\/#breadcrumb"},"inLanguage":"en-US","potentialAction":[{"@type":"ReadAction","target":["https:\/\/bicfactory.se\/erbjudande\/faq\/"]}]},{"@type":"BreadcrumbList","@id":"https:\/\/bicfactory.se\/erbjudande\/faq\/#breadcrumb","itemListElement":[{"@type":"ListItem","position":1,"name":"Hem","item":"https:\/\/bicfactory.se\/"},{"@type":"ListItem","position":2,"name":"Erbjudandet","item":"https:\/\/bicfactory.se\/erbjudande\/"},{"@type":"ListItem","position":3,"name":"Fr\u00e5gor &#038; Svar"}]},{"@type":"WebSite","@id":"https:\/\/bicfactory.se\/en\/#website","url":"https:\/\/bicfactory.se\/en\/","name":"BIC Factory","description":"Business incubator with star status","publisher":{"@id":"https:\/\/bicfactory.se\/en\/#organization"},"potentialAction":[{"@type":"SearchAction","target":{"@type":"EntryPoint","urlTemplate":"https:\/\/bicfactory.se\/en\/?s={search_term_string}"},"query-input":{"@type":"PropertyValueSpecification","valueRequired":true,"valueName":"search_term_string"}}],"inLanguage":"en-US"},{"@type":"Organization","@id":"https:\/\/bicfactory.se\/en\/#organization","name":"BIC Factory","url":"https:\/\/bicfactory.se\/en\/","logo":{"@type":"ImageObject","inLanguage":"en-US","@id":"https:\/\/bicfactory.se\/en\/#\/schema\/logo\/image\/","url":"https:\/\/bicfactory.se\/wp-content\/uploads\/2021\/03\/biclogo_full.png","contentUrl":"https:\/\/bicfactory.se\/wp-content\/uploads\/2021\/03\/biclogo_full.png","width":1943,"height":341,"caption":"BIC Factory"},"image":{"@id":"https:\/\/bicfactory.se\/en\/#\/schema\/logo\/image\/"},"sameAs":["https:\/\/sv-se.facebook.com\/bicfactory","https:\/\/www.instagram.com\/bicfactory_official\/","https:\/\/www.linkedin.com\/company\/bic-factory"]}]}},"ticketed":false,"_links":{"self":[{"href":"https:\/\/bicfactory.se\/en\/wp-json\/wp\/v2\/pages\/15829","targetHints":{"allow":["GET"]}}],"collection":[{"href":"https:\/\/bicfactory.se\/en\/wp-json\/wp\/v2\/pages"}],"about":[{"href":"https:\/\/bicfactory.se\/en\/wp-json\/wp\/v2\/types\/page"}],"author":[{"embeddable":true,"href":"https:\/\/bicfactory.se\/en\/wp-json\/wp\/v2\/users\/11"}],"replies":[{"embeddable":true,"href":"https:\/\/bicfactory.se\/en\/wp-json\/wp\/v2\/comments?post=15829"}],"version-history":[{"count":241,"href":"https:\/\/bicfactory.se\/en\/wp-json\/wp\/v2\/pages\/15829\/revisions"}],"predecessor-version":[{"id":19550,"href":"https:\/\/bicfactory.se\/en\/wp-json\/wp\/v2\/pages\/15829\/revisions\/19550"}],"up":[{"embeddable":true,"href":"https:\/\/bicfactory.se\/en\/wp-json\/wp\/v2\/pages\/14914"}],"wp:attachment":[{"href":"https:\/\/bicfactory.se\/en\/wp-json\/wp\/v2\/media?parent=15829"}],"curies":[{"name":"wp","href":"https:\/\/api.w.org\/{rel}","templated":true}]}}