{"id":18809,"date":"2024-02-22T16:16:05","date_gmt":"2024-02-22T14:16:05","guid":{"rendered":"https:\/\/bicfactory.se\/?page_id=18809"},"modified":"2025-08-19T16:23:09","modified_gmt":"2025-08-19T14:23:09","slug":"boka-ett-kostnadsfritt-mote","status":"publish","type":"page","link":"https:\/\/bicfactory.se\/en\/boka-ett-kostnadsfritt-mote\/","title":{"rendered":"Boka ett kostnadsfritt m\u00f6te"},"content":{"rendered":"\t\t<div data-elementor-type=\"wp-page\" data-elementor-id=\"18809\" class=\"elementor elementor-18809\" data-elementor-post-type=\"page\">\n\t\t\t\t\t\t<section class=\"elementor-section elementor-top-section elementor-element elementor-element-91f8426 elementor-section-boxed elementor-section-height-default elementor-section-height-default\" data-id=\"91f8426\" data-element_type=\"section\" data-e-type=\"section\">\n\t\t\t\t\t\t<div class=\"elementor-container elementor-column-gap-default\">\n\t\t\t\t\t<div class=\"elementor-column elementor-col-100 elementor-top-column elementor-element elementor-element-85ecbf7\" data-id=\"85ecbf7\" data-element_type=\"column\" data-e-type=\"column\">\n\t\t\t<div class=\"elementor-widget-wrap elementor-element-populated\">\n\t\t\t\t\t\t<div class=\"elementor-element elementor-element-c2a3c01 elementor-widget elementor-widget-heading\" data-id=\"c2a3c01\" data-element_type=\"widget\" data-e-type=\"widget\" data-widget_type=\"heading.default\">\n\t\t\t\t<div class=\"elementor-widget-container\">\n\t\t\t\t\t<h1 class=\"elementor-heading-title elementor-size-default\">Boka ett kostnadsfritt m\u00f6te<\/h1>\t\t\t\t<\/div>\n\t\t\t\t<\/div>\n\t\t\t\t<div class=\"elementor-element elementor-element-59f1058 elementor-widget elementor-widget-text-editor\" data-id=\"59f1058\" data-element_type=\"widget\" data-e-type=\"widget\" data-widget_type=\"text-editor.default\">\n\t\t\t\t<div class=\"elementor-widget-container\">\n\t\t\t\t\t\t\t\t\t<p>Vi s\u00f6ker alltid efter morgondagens entrepren\u00f6rer och \u00e4r nyfikna p\u00e5 din id\u00e9. Tveka inte att kontakta oss om du g\u00e5r i starta eget-tankar och vill veta mer om hur vi kan hj\u00e4lpa dig vidare.<\/p>\t\t\t\t\t\t\t\t<\/div>\n\t\t\t\t<\/div>\n\t\t\t\t\t<\/div>\n\t\t<\/div>\n\t\t\t\t\t<\/div>\n\t\t<\/section>\n\t\t\t\t<section class=\"elementor-section elementor-top-section elementor-element elementor-element-234bae9 elementor-section-boxed elementor-section-height-default elementor-section-height-default\" data-id=\"234bae9\" data-element_type=\"section\" data-e-type=\"section\">\n\t\t\t\t\t\t<div class=\"elementor-container elementor-column-gap-default\">\n\t\t\t\t\t<div class=\"elementor-column elementor-col-100 elementor-top-column elementor-element elementor-element-85d1a73\" data-id=\"85d1a73\" data-element_type=\"column\" data-e-type=\"column\">\n\t\t\t<div class=\"elementor-widget-wrap elementor-element-populated\">\n\t\t\t\t\t\t<div class=\"elementor-element elementor-element-a9a2d34 elementor-button-align-stretch elementor-widget elementor-widget-form\" data-id=\"a9a2d34\" data-element_type=\"widget\" data-e-type=\"widget\" data-settings=\"{&quot;step_next_label&quot;:&quot;N\\u00e4sta&quot;,&quot;step_previous_label&quot;:&quot;F\\u00f6reg\\u00e5ende&quot;,&quot;button_width&quot;:&quot;100&quot;,&quot;step_type&quot;:&quot;number_text&quot;,&quot;step_icon_shape&quot;:&quot;circle&quot;}\" data-widget_type=\"form.default\">\n\t\t\t\t<div class=\"elementor-widget-container\">\n\t\t\t\t\t\t\t<form class=\"elementor-form\" method=\"post\" name=\"Boka kostnadsfritt m\u00f6te\" aria-label=\"Boka kostnadsfritt m\u00f6te\">\n\t\t\t<input type=\"hidden\" name=\"post_id\" value=\"18809\"\/>\n\t\t\t<input type=\"hidden\" name=\"form_id\" value=\"a9a2d34\"\/>\n\t\t\t<input type=\"hidden\" name=\"referer_title\" value=\"BIC Factory\" \/>\n\n\t\t\t\n\t\t\t<div class=\"elementor-form-fields-wrapper elementor-labels-above\">\n\t\t\t\t\t\t\t\t<div class=\"elementor-field-type-text elementor-field-group elementor-column elementor-field-group-name elementor-col-50\">\n\t\t\t\t\t\t\t\t\t\t\t\t<label for=\"form-field-name\" class=\"elementor-field-label\">\n\t\t\t\t\t\t\t\tF\u00f6rnamn\t\t\t\t\t\t\t<\/label>\n\t\t\t\t\t\t\t\t\t\t\t\t\t\t<input size=\"1\" type=\"text\" name=\"form_fields[name]\" id=\"form-field-name\" class=\"elementor-field elementor-size-sm  elementor-field-textual\">\n\t\t\t\t\t\t\t\t\t\t\t<\/div>\n\t\t\t\t\t\t\t\t<div class=\"elementor-field-type-text elementor-field-group elementor-column elementor-field-group-field_b277c0b elementor-col-50\">\n\t\t\t\t\t\t\t\t\t\t\t\t<label for=\"form-field-field_b277c0b\" class=\"elementor-field-label\">\n\t\t\t\t\t\t\t\tEfternamn\t\t\t\t\t\t\t<\/label>\n\t\t\t\t\t\t\t\t\t\t\t\t\t\t<input size=\"1\" type=\"text\" name=\"form_fields[field_b277c0b]\" id=\"form-field-field_b277c0b\" class=\"elementor-field elementor-size-sm  elementor-field-textual\">\n\t\t\t\t\t\t\t\t\t\t\t<\/div>\n\t\t\t\t\t\t\t\t<div class=\"elementor-field-type-email elementor-field-group elementor-column elementor-field-group-email elementor-col-50\">\n\t\t\t\t\t\t\t\t\t\t\t\t<label for=\"form-field-email\" class=\"elementor-field-label\">\n\t\t\t\t\t\t\t\tE-post\t\t\t\t\t\t\t<\/label>\n\t\t\t\t\t\t\t\t\t\t\t\t\t\t<input size=\"1\" type=\"email\" name=\"form_fields[email]\" id=\"form-field-email\" class=\"elementor-field elementor-size-sm  elementor-field-textual\">\n\t\t\t\t\t\t\t\t\t\t\t<\/div>\n\t\t\t\t\t\t\t\t<div class=\"elementor-field-type-tel elementor-field-group elementor-column elementor-field-group-field_0a4aa4f elementor-col-50\">\n\t\t\t\t\t\t\t\t\t\t\t\t<label for=\"form-field-field_0a4aa4f\" class=\"elementor-field-label\">\n\t\t\t\t\t\t\t\tTelefonnummer\t\t\t\t\t\t\t<\/label>\n\t\t\t\t\t\t\t\t<input size=\"1\" type=\"tel\" name=\"form_fields[field_0a4aa4f]\" id=\"form-field-field_0a4aa4f\" class=\"elementor-field elementor-size-sm  elementor-field-textual\" pattern=\"[0-9()#&amp;+*-=.]+\" title=\"Only numbers and phone characters (#, -, *, etc) are accepted.\">\n\n\t\t\t\t\t\t<\/div>\n\t\t\t\t\t\t\t\t<div class=\"elementor-field-type-radio elementor-field-group elementor-column elementor-field-group-field_a4a29de elementor-col-50\">\n\t\t\t\t\t\t\t\t\t\t\t\t<label for=\"form-field-field_a4a29de\" class=\"elementor-field-label\">\n\t\t\t\t\t\t\t\tVilket spr\u00e5k skulle du f\u00f6redra?\t\t\t\t\t\t\t<\/label>\n\t\t\t\t\t\t<div class=\"elementor-field-subgroup  \"><span class=\"elementor-field-option\"><input type=\"radio\" value=\"Svenska\" id=\"form-field-field_a4a29de-0\" name=\"form_fields[field_a4a29de]\"> <label for=\"form-field-field_a4a29de-0\">Svenska<\/label><\/span><span class=\"elementor-field-option\"><input type=\"radio\" value=\"Engelska\" id=\"form-field-field_a4a29de-1\" name=\"form_fields[field_a4a29de]\"> <label for=\"form-field-field_a4a29de-1\">Engelska<\/label><\/span><span class=\"elementor-field-option\"><input type=\"radio\" value=\"Annat (ange i meddelande)\" id=\"form-field-field_a4a29de-2\" name=\"form_fields[field_a4a29de]\"> <label for=\"form-field-field_a4a29de-2\">Annat (ange i meddelande)<\/label><\/span><\/div>\t\t\t\t<\/div>\n\t\t\t\t\t\t\t\t<div class=\"elementor-field-type-textarea elementor-field-group elementor-column elementor-field-group-message elementor-col-50\">\n\t\t\t\t\t\t\t\t\t\t\t\t<label for=\"form-field-message\" class=\"elementor-field-label\">\n\t\t\t\t\t\t\t\tBeskriv kort vad du beh\u00f6ver hj\u00e4lp med\t\t\t\t\t\t\t<\/label>\n\t\t\t\t\t\t<textarea class=\"elementor-field-textual elementor-field  elementor-size-sm\" name=\"form_fields[message]\" id=\"form-field-message\" rows=\"4\" placeholder=\"Meddelande\"><\/textarea>\t\t\t\t<\/div>\n\t\t\t\t\t\t\t\t<div class=\"elementor-field-type-acceptance elementor-field-group elementor-column elementor-field-group-field_868793e elementor-col-100 elementor-field-required elementor-mark-required\">\n\t\t\t\t\t\t\t\t\t\t\t\t<label for=\"form-field-field_868793e\" class=\"elementor-field-label\">\n\t\t\t\t\t\t\t\tSamtycke f\u00f6r hantering av personuppgifter\t\t\t\t\t\t\t<\/label>\n\t\t\t\t\t\t\t\t<div class=\"elementor-field-subgroup\">\n\t\t\t<span class=\"elementor-field-option\">\n\t\t\t\t<input type=\"checkbox\" name=\"form_fields[field_868793e]\" id=\"form-field-field_868793e\" class=\"elementor-field elementor-size-sm  elementor-acceptance-field\" required=\"required\">\n\t\t\t\t<label for=\"form-field-field_868793e\">Genom att fylla i och skicka in din ans\u00f6kan till BIC Factory ger du ditt samtycke till att vi behandlar dina personuppgifter i enlighet med dataskyddsf\u00f6rordningen (GDPR). Uppgifterna kommer att anv\u00e4ndas f\u00f6r att administrera din ans\u00f6kan. <a target=\"_blank\" href=\"https:\/\/bicfactory.se\/integritetspolicy\/\">L\u00e4s mer<\/a><\/label>\t\t\t<\/span>\n\t\t<\/div>\n\t\t\t\t\t\t<\/div>\n\t\t\t\t\t\t\t\t<div class=\"elementor-field-group elementor-column elementor-field-type-submit elementor-col-100 e-form__buttons\">\n\t\t\t\t\t<button class=\"elementor-button elementor-size-sm\" type=\"submit\">\n\t\t\t\t\t\t<span class=\"elementor-button-content-wrapper\">\n\t\t\t\t\t\t\t\t\t\t\t\t\t\t\t\t\t\t\t\t\t\t<span class=\"elementor-button-text\">Skicka<\/span>\n\t\t\t\t\t\t\t\t\t\t\t\t\t<\/span>\n\t\t\t\t\t<\/button>\n\t\t\t\t<\/div>\n\t\t\t<\/div>\n\t\t<\/form>\n\t\t\t\t\t\t<\/div>\n\t\t\t\t<\/div>\n\t\t\t\t\t<\/div>\n\t\t<\/div>\n\t\t\t\t\t<\/div>\n\t\t<\/section>\n\t\t\t\t<\/div>\n\t\t","protected":false},"excerpt":{"rendered":"<p>Boka ett kostnadsfritt m\u00f6te Vi s\u00f6ker alltid efter morgondagens entrepren\u00f6rer och \u00e4r nyfikna p\u00e5 din id\u00e9. Tveka inte att kontakta oss om du g\u00e5r i starta eget-tankar och vill veta [&hellip;]<\/p>\n","protected":false},"author":11,"featured_media":0,"parent":0,"menu_order":2,"comment_status":"closed","ping_status":"closed","template":"","meta":{"_acf_changed":false,"inline_featured_image":false,"_price":"","_stock":"","_tribe_ticket_header":"","_tribe_default_ticket_provider":"","_tribe_ticket_capacity":"0","_ticket_start_date":"","_ticket_end_date":"","_tribe_ticket_show_description":"","_tribe_ticket_show_not_going":false,"_tribe_ticket_use_global_stock":"","_tribe_ticket_global_stock_level":"","_global_stock_mode":"","_global_stock_cap":"","_tribe_rsvp_for_event":"","_tribe_ticket_going_count":"","_tribe_ticket_not_going_count":"","_tribe_tickets_list":"[]","_tribe_ticket_has_attendee_info_fields":false,"footnotes":"","_tec_slr_enabled":"","_tec_slr_layout":""},"class_list":["post-18809","page","type-page","status-publish","hentry"],"acf":[],"yoast_head":"<!-- This site is optimized with the Yoast SEO plugin v27.5 - https:\/\/yoast.com\/product\/yoast-seo-wordpress\/ -->\n<title>Boka ett kostnadsfritt m\u00f6te - BIC Factory<\/title>\n<meta name=\"robots\" content=\"index, follow, max-snippet:-1, max-image-preview:large, max-video-preview:-1\" \/>\n<link rel=\"canonical\" href=\"https:\/\/bicfactory.se\/en\/boka-ett-kostnadsfritt-mote\/\" \/>\n<meta property=\"og:locale\" content=\"en_US\" \/>\n<meta property=\"og:type\" content=\"article\" \/>\n<meta property=\"og:title\" content=\"Boka ett kostnadsfritt m\u00f6te - BIC Factory\" \/>\n<meta property=\"og:description\" content=\"Boka ett kostnadsfritt m\u00f6te Vi s\u00f6ker alltid efter morgondagens entrepren\u00f6rer och \u00e4r nyfikna p\u00e5 din id\u00e9. Tveka inte att kontakta oss om du g\u00e5r i starta eget-tankar och vill veta [&hellip;]\" \/>\n<meta property=\"og:url\" content=\"https:\/\/bicfactory.se\/en\/boka-ett-kostnadsfritt-mote\/\" \/>\n<meta property=\"og:site_name\" content=\"BIC Factory\" \/>\n<meta property=\"article:publisher\" content=\"https:\/\/sv-se.facebook.com\/bicfactory\" \/>\n<meta property=\"article:modified_time\" content=\"2025-08-19T14:23:09+00:00\" \/>\n<meta property=\"og:image\" content=\"https:\/\/bicfactory.se\/wp-content\/uploads\/2021\/04\/bic-kontor-curanord-scaled.jpg\" \/>\n\t<meta property=\"og:image:width\" content=\"2560\" \/>\n\t<meta property=\"og:image:height\" content=\"1706\" \/>\n\t<meta property=\"og:image:type\" content=\"image\/jpeg\" \/>\n<meta name=\"twitter:card\" content=\"summary_large_image\" \/>\n<meta name=\"twitter:label1\" content=\"Est. reading time\" \/>\n\t<meta name=\"twitter:data1\" content=\"1 minute\" \/>\n<script type=\"application\/ld+json\" class=\"yoast-schema-graph\">{\"@context\":\"https:\\\/\\\/schema.org\",\"@graph\":[{\"@type\":\"WebPage\",\"@id\":\"https:\\\/\\\/bicfactory.se\\\/boka-ett-kostnadsfritt-mote\\\/\",\"url\":\"https:\\\/\\\/bicfactory.se\\\/boka-ett-kostnadsfritt-mote\\\/\",\"name\":\"Boka ett kostnadsfritt m\u00f6te - BIC Factory\",\"isPartOf\":{\"@id\":\"https:\\\/\\\/bicfactory.se\\\/en\\\/#website\"},\"datePublished\":\"2024-02-22T14:16:05+00:00\",\"dateModified\":\"2025-08-19T14:23:09+00:00\",\"breadcrumb\":{\"@id\":\"https:\\\/\\\/bicfactory.se\\\/boka-ett-kostnadsfritt-mote\\\/#breadcrumb\"},\"inLanguage\":\"en-US\",\"potentialAction\":[{\"@type\":\"ReadAction\",\"target\":[\"https:\\\/\\\/bicfactory.se\\\/boka-ett-kostnadsfritt-mote\\\/\"]}]},{\"@type\":\"BreadcrumbList\",\"@id\":\"https:\\\/\\\/bicfactory.se\\\/boka-ett-kostnadsfritt-mote\\\/#breadcrumb\",\"itemListElement\":[{\"@type\":\"ListItem\",\"position\":1,\"name\":\"Hem\",\"item\":\"https:\\\/\\\/bicfactory.se\\\/\"},{\"@type\":\"ListItem\",\"position\":2,\"name\":\"Boka ett kostnadsfritt m\u00f6te\"}]},{\"@type\":\"WebSite\",\"@id\":\"https:\\\/\\\/bicfactory.se\\\/en\\\/#website\",\"url\":\"https:\\\/\\\/bicfactory.se\\\/en\\\/\",\"name\":\"BIC Factory\",\"description\":\"F\u00f6retagsinkubator med stj\u00e4rnstatus\",\"publisher\":{\"@id\":\"https:\\\/\\\/bicfactory.se\\\/en\\\/#organization\"},\"potentialAction\":[{\"@type\":\"SearchAction\",\"target\":{\"@type\":\"EntryPoint\",\"urlTemplate\":\"https:\\\/\\\/bicfactory.se\\\/en\\\/?s={search_term_string}\"},\"query-input\":{\"@type\":\"PropertyValueSpecification\",\"valueRequired\":true,\"valueName\":\"search_term_string\"}}],\"inLanguage\":\"en-US\"},{\"@type\":\"Organization\",\"@id\":\"https:\\\/\\\/bicfactory.se\\\/en\\\/#organization\",\"name\":\"BIC Factory\",\"url\":\"https:\\\/\\\/bicfactory.se\\\/en\\\/\",\"logo\":{\"@type\":\"ImageObject\",\"inLanguage\":\"en-US\",\"@id\":\"https:\\\/\\\/bicfactory.se\\\/en\\\/#\\\/schema\\\/logo\\\/image\\\/\",\"url\":\"https:\\\/\\\/bicfactory.se\\\/wp-content\\\/uploads\\\/2021\\\/03\\\/biclogo_full.png\",\"contentUrl\":\"https:\\\/\\\/bicfactory.se\\\/wp-content\\\/uploads\\\/2021\\\/03\\\/biclogo_full.png\",\"width\":1943,\"height\":341,\"caption\":\"BIC Factory\"},\"image\":{\"@id\":\"https:\\\/\\\/bicfactory.se\\\/en\\\/#\\\/schema\\\/logo\\\/image\\\/\"},\"sameAs\":[\"https:\\\/\\\/sv-se.facebook.com\\\/bicfactory\",\"https:\\\/\\\/www.instagram.com\\\/bicfactory_official\\\/\",\"https:\\\/\\\/www.linkedin.com\\\/company\\\/bic-factory\"]}]}<\/script>\n<!-- \/ Yoast SEO plugin. -->","yoast_head_json":{"title":"Boka ett kostnadsfritt m\u00f6te - BIC Factory","robots":{"index":"index","follow":"follow","max-snippet":"max-snippet:-1","max-image-preview":"max-image-preview:large","max-video-preview":"max-video-preview:-1"},"canonical":"https:\/\/bicfactory.se\/en\/boka-ett-kostnadsfritt-mote\/","og_locale":"en_US","og_type":"article","og_title":"Boka ett kostnadsfritt m\u00f6te - BIC Factory","og_description":"Boka ett kostnadsfritt m\u00f6te Vi s\u00f6ker alltid efter morgondagens entrepren\u00f6rer och \u00e4r nyfikna p\u00e5 din id\u00e9. Tveka inte att kontakta oss om du g\u00e5r i starta eget-tankar och vill veta [&hellip;]","og_url":"https:\/\/bicfactory.se\/en\/boka-ett-kostnadsfritt-mote\/","og_site_name":"BIC Factory","article_publisher":"https:\/\/sv-se.facebook.com\/bicfactory","article_modified_time":"2025-08-19T14:23:09+00:00","og_image":[{"width":2560,"height":1706,"url":"https:\/\/bicfactory.se\/wp-content\/uploads\/2021\/04\/bic-kontor-curanord-scaled.jpg","type":"image\/jpeg"}],"twitter_card":"summary_large_image","twitter_misc":{"Est. reading time":"1 minute"},"schema":{"@context":"https:\/\/schema.org","@graph":[{"@type":"WebPage","@id":"https:\/\/bicfactory.se\/boka-ett-kostnadsfritt-mote\/","url":"https:\/\/bicfactory.se\/boka-ett-kostnadsfritt-mote\/","name":"Boka ett kostnadsfritt m\u00f6te - BIC Factory","isPartOf":{"@id":"https:\/\/bicfactory.se\/en\/#website"},"datePublished":"2024-02-22T14:16:05+00:00","dateModified":"2025-08-19T14:23:09+00:00","breadcrumb":{"@id":"https:\/\/bicfactory.se\/boka-ett-kostnadsfritt-mote\/#breadcrumb"},"inLanguage":"en-US","potentialAction":[{"@type":"ReadAction","target":["https:\/\/bicfactory.se\/boka-ett-kostnadsfritt-mote\/"]}]},{"@type":"BreadcrumbList","@id":"https:\/\/bicfactory.se\/boka-ett-kostnadsfritt-mote\/#breadcrumb","itemListElement":[{"@type":"ListItem","position":1,"name":"Hem","item":"https:\/\/bicfactory.se\/"},{"@type":"ListItem","position":2,"name":"Boka ett kostnadsfritt m\u00f6te"}]},{"@type":"WebSite","@id":"https:\/\/bicfactory.se\/en\/#website","url":"https:\/\/bicfactory.se\/en\/","name":"BIC Factory","description":"Business incubator with star status","publisher":{"@id":"https:\/\/bicfactory.se\/en\/#organization"},"potentialAction":[{"@type":"SearchAction","target":{"@type":"EntryPoint","urlTemplate":"https:\/\/bicfactory.se\/en\/?s={search_term_string}"},"query-input":{"@type":"PropertyValueSpecification","valueRequired":true,"valueName":"search_term_string"}}],"inLanguage":"en-US"},{"@type":"Organization","@id":"https:\/\/bicfactory.se\/en\/#organization","name":"BIC Factory","url":"https:\/\/bicfactory.se\/en\/","logo":{"@type":"ImageObject","inLanguage":"en-US","@id":"https:\/\/bicfactory.se\/en\/#\/schema\/logo\/image\/","url":"https:\/\/bicfactory.se\/wp-content\/uploads\/2021\/03\/biclogo_full.png","contentUrl":"https:\/\/bicfactory.se\/wp-content\/uploads\/2021\/03\/biclogo_full.png","width":1943,"height":341,"caption":"BIC Factory"},"image":{"@id":"https:\/\/bicfactory.se\/en\/#\/schema\/logo\/image\/"},"sameAs":["https:\/\/sv-se.facebook.com\/bicfactory","https:\/\/www.instagram.com\/bicfactory_official\/","https:\/\/www.linkedin.com\/company\/bic-factory"]}]}},"ticketed":false,"_links":{"self":[{"href":"https:\/\/bicfactory.se\/en\/wp-json\/wp\/v2\/pages\/18809","targetHints":{"allow":["GET"]}}],"collection":[{"href":"https:\/\/bicfactory.se\/en\/wp-json\/wp\/v2\/pages"}],"about":[{"href":"https:\/\/bicfactory.se\/en\/wp-json\/wp\/v2\/types\/page"}],"author":[{"embeddable":true,"href":"https:\/\/bicfactory.se\/en\/wp-json\/wp\/v2\/users\/11"}],"replies":[{"embeddable":true,"href":"https:\/\/bicfactory.se\/en\/wp-json\/wp\/v2\/comments?post=18809"}],"version-history":[{"count":22,"href":"https:\/\/bicfactory.se\/en\/wp-json\/wp\/v2\/pages\/18809\/revisions"}],"predecessor-version":[{"id":18892,"href":"https:\/\/bicfactory.se\/en\/wp-json\/wp\/v2\/pages\/18809\/revisions\/18892"}],"wp:attachment":[{"href":"https:\/\/bicfactory.se\/en\/wp-json\/wp\/v2\/media?parent=18809"}],"curies":[{"name":"wp","href":"https:\/\/api.w.org\/{rel}","templated":true}]}}